{"id":437,"date":"2023-09-07T10:39:26","date_gmt":"2023-09-07T08:39:26","guid":{"rendered":"https:\/\/rockland-danse.fr\/?page_id=437"},"modified":"2025-12-17T11:10:18","modified_gmt":"2025-12-17T10:10:18","slug":"planning-reservations","status":"publish","type":"page","link":"https:\/\/rockland-danse.fr\/index.php\/planning-reservations\/","title":{"rendered":"Planning"},"content":{"rendered":"<p>[et_pb_section fb_built=\u00a0\u00bb1&Prime; _builder_version=\u00a0\u00bb4.22.1&Prime; _module_preset=\u00a0\u00bbdefault\u00a0\u00bb custom_padding=\u00a0\u00bb7px|||||\u00a0\u00bb global_colors_info=\u00a0\u00bb{}\u00a0\u00bb][et_pb_row _builder_version=\u00a0\u00bb4.17.4&Prime; _module_preset=\u00a0\u00bbdefault\u00a0\u00bb width=\u00a0\u00bb70%\u00a0\u00bb width_tablet=\u00a0\u00bb80%\u00a0\u00bb width_phone=\u00a0\u00bb80%\u00a0\u00bb width_last_edited=\u00a0\u00bbon|tablet\u00a0\u00bb global_colors_info=\u00a0\u00bb{}\u00a0\u00bb][et_pb_column type=\u00a0\u00bb4_4&Prime; _builder_version=\u00a0\u00bb4.17.4&Prime; _module_preset=\u00a0\u00bbdefault\u00a0\u00bb global_colors_info=\u00a0\u00bb{}\u00a0\u00bb][et_pb_text _builder_version=\u00a0\u00bb4.17.4&Prime; _module_preset=\u00a0\u00bbc16985e1-e0d6-4022-964d-e2bfc04fa633&Prime; header_font=\u00a0\u00bbCinzel||||||||\u00a0\u00bb header_text_color=\u00a0\u00bb#000000&Prime; header_font_size=\u00a0\u00bb60px\u00a0\u00bb header_line_height=\u00a0\u00bb1.2em\u00a0\u00bb text_orientation=\u00a0\u00bbcenter\u00a0\u00bb header_font_size_tablet=\u00a0\u00bb40px\u00a0\u00bb header_font_size_phone=\u00a0\u00bb24px\u00a0\u00bb header_font_size_last_edited=\u00a0\u00bbon|desktop\u00a0\u00bb global_colors_info=\u00a0\u00bb{}\u00a0\u00bb]<\/p>\n<h1>Planning<\/h1>\n<p>[\/et_pb_text][\/et_pb_column][\/et_pb_row][et_pb_row _builder_version=\u00a0\u00bb4.22.1&Prime; _module_preset=\u00a0\u00bbdefault\u00a0\u00bb global_colors_info=\u00a0\u00bb{}\u00a0\u00bb][et_pb_column type=\u00a0\u00bb4_4&Prime; _builder_version=\u00a0\u00bb4.22.1&Prime; _module_preset=\u00a0\u00bbdefault\u00a0\u00bb global_colors_info=\u00a0\u00bb{}\u00a0\u00bb][et_pb_text _builder_version=\u00a0\u00bb4.27.4&Prime; _module_preset=\u00a0\u00bbdefault\u00a0\u00bb text_font=\u00a0\u00bb|700|||||||\u00a0\u00bb text_text_color=\u00a0\u00bb#fc5400&Prime; text_font_size=\u00a0\u00bb28px\u00a0\u00bb text_orientation=\u00a0\u00bbcenter\u00a0\u00bb height=\u00a0\u00bbauto\u00a0\u00bb max_height=\u00a0\u00bbnone\u00a0\u00bb custom_padding=\u00a0\u00bb||2px|||\u00a0\u00bb global_colors_info=\u00a0\u00bb{}\u00a0\u00bb]Voici le planning 2025-2026. [\/et_pb_text][\/et_pb_column][\/et_pb_row][et_pb_row _builder_version=\u00a0\u00bb4.22.1&Prime; _module_preset=\u00a0\u00bbdefault\u00a0\u00bb global_colors_info=\u00a0\u00bb{}\u00a0\u00bb][et_pb_column type=\u00a0\u00bb4_4&Prime; _builder_version=\u00a0\u00bb4.22.1&Prime; _module_preset=\u00a0\u00bbdefault\u00a0\u00bb global_colors_info=\u00a0\u00bb{}\u00a0\u00bb][et_pb_image src=\u00a0\u00bbhttps:\/\/rockland-danse.fr\/wp-content\/uploads\/2025\/12\/Planning-Studio-Rockland-2025-2026-2-pdf.jpg\u00a0\u00bb title_text=\u00a0\u00bb*Planning-Studio Rockland 2025-2026&Prime; _builder_version=\u00a0\u00bb4.27.4&Prime; _module_preset=\u00a0\u00bbdefault\u00a0\u00bb hover_enabled=\u00a0\u00bb0&Prime; global_colors_info=\u00a0\u00bb{}\u00a0\u00bb url=\u00a0\u00bbhttps:\/\/rockland-danse.fr\/wp-content\/uploads\/2025\/12\/Planning-Studio-Rockland-2025-2026-2.pdf\u00a0\u00bb sticky_enabled=\u00a0\u00bb0&Prime;][\/et_pb_image][\/et_pb_column][\/et_pb_row][et_pb_row _builder_version=\u00a0\u00bb4.22.1&Prime; _module_preset=\u00a0\u00bbdefault\u00a0\u00bb global_colors_info=\u00a0\u00bb{}\u00a0\u00bb][et_pb_column type=\u00a0\u00bb4_4&Prime; _builder_version=\u00a0\u00bb4.22.1&Prime; _module_preset=\u00a0\u00bbdefault\u00a0\u00bb global_colors_info=\u00a0\u00bb{}\u00a0\u00bb][et_pb_text _builder_version=\u00a0\u00bb4.27.4&Prime; _module_preset=\u00a0\u00bbdefault\u00a0\u00bb height=\u00a0\u00bbauto\u00a0\u00bb max_height=\u00a0\u00bbnone\u00a0\u00bb hover_enabled=\u00a0\u00bb0&Prime; global_colors_info=\u00a0\u00bb{}\u00a0\u00bb sticky_enabled=\u00a0\u00bb0&Prime;]<\/p>\n<p>C&rsquo;est p\u00e9nible on sait mais parfois vous ne pouvez pas zoomer sur le planning (notamment quand vous venez de notre super <a href=\"https:\/\/instagram.com\/rockland.paris\">compte instagram<\/a>). N&rsquo;h\u00e9sitez pas \u00e0 basculer sur un autre navigateur OU<a href=\"https:\/\/rockland-danse.fr\/wp-content\/uploads\/2025\/12\/Planning-Studio-Rockland-2025-2026-2.pdf\" target=\"_blank\" rel=\"noopener\" title=\"Planning Rockland\"> cliquez ici<\/a><\/p>\n<p>[\/et_pb_text][et_pb_text _builder_version=\u00a0\u00bb4.27.4&Prime; _module_preset=\u00a0\u00bbdefault\u00a0\u00bb height=\u00a0\u00bbauto\u00a0\u00bb max_height=\u00a0\u00bbnone\u00a0\u00bb global_colors_info=\u00a0\u00bb{}\u00a0\u00bb]<\/p>\n<p>N&rsquo;h\u00e9sitez pas \u00e0 demander un cours d&rsquo;essai gratuit en remplissant le formulaire. <a href=\"https:\/\/rockland-danse.fr\/index.php\/fiche-renseignement\/\">Cliquez ici pour en savoir plus<\/a><\/p>\n<p>[\/et_pb_text][\/et_pb_column][\/et_pb_row][\/et_pb_section][et_pb_section fb_built=\u00a0\u00bb1&Prime; admin_label=\u00a0\u00bbVideo\u00a0\u00bb _builder_version=\u00a0\u00bb4.17.4&Prime; _module_preset=\u00a0\u00bbdefault\u00a0\u00bb collapsed=\u00a0\u00bbon\u00a0\u00bb global_colors_info=\u00a0\u00bb{}\u00a0\u00bb][\/et_pb_section]<\/p>\n","protected":false},"excerpt":{"rendered":"<p>PlanningVoici le planning 2025-2026. C&rsquo;est p\u00e9nible on sait mais parfois vous ne pouvez pas zoomer sur le planning (notamment quand vous venez de notre super compte instagram). N&rsquo;h\u00e9sitez pas \u00e0 basculer sur un autre navigateur OU cliquez iciN&rsquo;h\u00e9sitez pas \u00e0 demander un cours d&rsquo;essai gratuit en remplissant le formulaire. Cliquez ici pour en savoir plus<\/p>\n","protected":false},"author":1,"featured_media":0,"parent":0,"menu_order":0,"comment_status":"closed","ping_status":"closed","template":"","meta":{"_et_pb_use_builder":"on","_et_pb_old_content":"","_et_gb_content_width":"","footnotes":""},"class_list":["post-437","page","type-page","status-publish","hentry"],"yoast_head":"<!-- This site is optimized with the Yoast SEO plugin v27.1.1 - https:\/\/yoast.com\/product\/yoast-seo-wordpress\/ -->\n<title>Cours danse enfant adultes Paris 75018Planning - Studio Rockland<\/title>\n<meta name=\"description\" content=\"Studio Rockland propose des cours de Danse classique, Rock Swing, Salsa, Bachata, Street jazz, Pilates, Yoga... enfants adulte \u00e0 Paris 75018\" \/>\n<meta name=\"robots\" content=\"index, follow, max-snippet:-1, max-image-preview:large, max-video-preview:-1\" \/>\n<link rel=\"canonical\" href=\"https:\/\/rockland-danse.fr\/index.php\/planning-reservations\/\" \/>\n<meta property=\"og:locale\" content=\"fr_FR\" \/>\n<meta property=\"og:type\" content=\"article\" \/>\n<meta property=\"og:title\" content=\"Cours danse enfant adultes Paris 75018Planning - Studio Rockland\" \/>\n<meta property=\"og:description\" content=\"Studio Rockland propose des cours de Danse classique, Rock Swing, Salsa, Bachata, Street jazz, Pilates, Yoga... enfants adulte \u00e0 Paris 75018\" \/>\n<meta property=\"og:url\" content=\"https:\/\/rockland-danse.fr\/index.php\/planning-reservations\/\" \/>\n<meta property=\"og:site_name\" content=\"Studio Rockland\" \/>\n<meta property=\"article:publisher\" content=\"https:\/\/www.facebook.com\/profile.php?id=61552578840601\" \/>\n<meta property=\"article:modified_time\" content=\"2025-12-17T10:10:18+00:00\" \/>\n<meta property=\"og:image\" content=\"https:\/\/rockland-danse.fr\/wp-content\/uploads\/2023\/11\/Notre-reve-en-progres.jpeg\" \/>\n\t<meta property=\"og:image:width\" content=\"1653\" \/>\n\t<meta property=\"og:image:height\" content=\"891\" \/>\n\t<meta property=\"og:image:type\" content=\"image\/jpeg\" \/>\n<meta name=\"twitter:card\" content=\"summary_large_image\" \/>\n<meta name=\"twitter:label1\" content=\"Dur\u00e9e de lecture estim\u00e9e\" \/>\n\t<meta name=\"twitter:data1\" content=\"2 minutes\" \/>\n<script type=\"application\/ld+json\" class=\"yoast-schema-graph\">{\"@context\":\"https:\/\/schema.org\",\"@graph\":[{\"@type\":\"WebPage\",\"@id\":\"https:\/\/rockland-danse.fr\/index.php\/planning-reservations\/\",\"url\":\"https:\/\/rockland-danse.fr\/index.php\/planning-reservations\/\",\"name\":\"Cours danse enfant adultes Paris 75018Planning - Studio Rockland\",\"isPartOf\":{\"@id\":\"https:\/\/rockland-danse.fr\/#website\"},\"datePublished\":\"2023-09-07T08:39:26+00:00\",\"dateModified\":\"2025-12-17T10:10:18+00:00\",\"description\":\"Studio Rockland propose des cours de Danse classique, Rock Swing, Salsa, Bachata, Street jazz, Pilates, Yoga... enfants adulte \u00e0 Paris 75018\",\"breadcrumb\":{\"@id\":\"https:\/\/rockland-danse.fr\/index.php\/planning-reservations\/#breadcrumb\"},\"inLanguage\":\"fr-FR\",\"potentialAction\":[{\"@type\":\"ReadAction\",\"target\":[\"https:\/\/rockland-danse.fr\/index.php\/planning-reservations\/\"]}]},{\"@type\":\"BreadcrumbList\",\"@id\":\"https:\/\/rockland-danse.fr\/index.php\/planning-reservations\/#breadcrumb\",\"itemListElement\":[{\"@type\":\"ListItem\",\"position\":1,\"name\":\"Accueil\",\"item\":\"https:\/\/rockland-danse.fr\/\"},{\"@type\":\"ListItem\",\"position\":2,\"name\":\"Planning\"}]},{\"@type\":\"WebSite\",\"@id\":\"https:\/\/rockland-danse.fr\/#website\",\"url\":\"https:\/\/rockland-danse.fr\/\",\"name\":\"rockland-danse.fr\",\"description\":\"Cours de danse pour enfants et adultes \u00e0 Paris 75018\",\"publisher\":{\"@id\":\"https:\/\/rockland-danse.fr\/#organization\"},\"potentialAction\":[{\"@type\":\"SearchAction\",\"target\":{\"@type\":\"EntryPoint\",\"urlTemplate\":\"https:\/\/rockland-danse.fr\/?s={search_term_string}\"},\"query-input\":{\"@type\":\"PropertyValueSpecification\",\"valueRequired\":true,\"valueName\":\"search_term_string\"}}],\"inLanguage\":\"fr-FR\"},{\"@type\":\"Organization\",\"@id\":\"https:\/\/rockland-danse.fr\/#organization\",\"name\":\"Studio Rockland\",\"url\":\"https:\/\/rockland-danse.fr\/\",\"logo\":{\"@type\":\"ImageObject\",\"inLanguage\":\"fr-FR\",\"@id\":\"https:\/\/rockland-danse.fr\/#\/schema\/logo\/image\/\",\"url\":\"https:\/\/rockland-danse.fr\/wp-content\/uploads\/2023\/08\/Design-sans-titre-5.png\",\"contentUrl\":\"https:\/\/rockland-danse.fr\/wp-content\/uploads\/2023\/08\/Design-sans-titre-5.png\",\"width\":394,\"height\":263,\"caption\":\"Studio Rockland\"},\"image\":{\"@id\":\"https:\/\/rockland-danse.fr\/#\/schema\/logo\/image\/\"},\"sameAs\":[\"https:\/\/www.facebook.com\/profile.php?id=61552578840601\",\"https:\/\/www.instagram.com\/rockland.paris\/\"]}]}<\/script>\n<!-- \/ Yoast SEO plugin. -->","yoast_head_json":{"title":"Cours danse enfant adultes Paris 75018Planning - Studio Rockland","description":"Studio Rockland propose des cours de Danse classique, Rock Swing, Salsa, Bachata, Street jazz, Pilates, Yoga... enfants adulte \u00e0 Paris 75018","robots":{"index":"index","follow":"follow","max-snippet":"max-snippet:-1","max-image-preview":"max-image-preview:large","max-video-preview":"max-video-preview:-1"},"canonical":"https:\/\/rockland-danse.fr\/index.php\/planning-reservations\/","og_locale":"fr_FR","og_type":"article","og_title":"Cours danse enfant adultes Paris 75018Planning - Studio Rockland","og_description":"Studio Rockland propose des cours de Danse classique, Rock Swing, Salsa, Bachata, Street jazz, Pilates, Yoga... enfants adulte \u00e0 Paris 75018","og_url":"https:\/\/rockland-danse.fr\/index.php\/planning-reservations\/","og_site_name":"Studio Rockland","article_publisher":"https:\/\/www.facebook.com\/profile.php?id=61552578840601","article_modified_time":"2025-12-17T10:10:18+00:00","og_image":[{"width":1653,"height":891,"url":"https:\/\/rockland-danse.fr\/wp-content\/uploads\/2023\/11\/Notre-reve-en-progres.jpeg","type":"image\/jpeg"}],"twitter_card":"summary_large_image","twitter_misc":{"Dur\u00e9e de lecture estim\u00e9e":"2 minutes"},"schema":{"@context":"https:\/\/schema.org","@graph":[{"@type":"WebPage","@id":"https:\/\/rockland-danse.fr\/index.php\/planning-reservations\/","url":"https:\/\/rockland-danse.fr\/index.php\/planning-reservations\/","name":"Cours danse enfant adultes Paris 75018Planning - Studio Rockland","isPartOf":{"@id":"https:\/\/rockland-danse.fr\/#website"},"datePublished":"2023-09-07T08:39:26+00:00","dateModified":"2025-12-17T10:10:18+00:00","description":"Studio Rockland propose des cours de Danse classique, Rock Swing, Salsa, Bachata, Street jazz, Pilates, Yoga... enfants adulte \u00e0 Paris 75018","breadcrumb":{"@id":"https:\/\/rockland-danse.fr\/index.php\/planning-reservations\/#breadcrumb"},"inLanguage":"fr-FR","potentialAction":[{"@type":"ReadAction","target":["https:\/\/rockland-danse.fr\/index.php\/planning-reservations\/"]}]},{"@type":"BreadcrumbList","@id":"https:\/\/rockland-danse.fr\/index.php\/planning-reservations\/#breadcrumb","itemListElement":[{"@type":"ListItem","position":1,"name":"Accueil","item":"https:\/\/rockland-danse.fr\/"},{"@type":"ListItem","position":2,"name":"Planning"}]},{"@type":"WebSite","@id":"https:\/\/rockland-danse.fr\/#website","url":"https:\/\/rockland-danse.fr\/","name":"rockland-danse.fr","description":"Cours de danse pour enfants et adultes \u00e0 Paris 75018","publisher":{"@id":"https:\/\/rockland-danse.fr\/#organization"},"potentialAction":[{"@type":"SearchAction","target":{"@type":"EntryPoint","urlTemplate":"https:\/\/rockland-danse.fr\/?s={search_term_string}"},"query-input":{"@type":"PropertyValueSpecification","valueRequired":true,"valueName":"search_term_string"}}],"inLanguage":"fr-FR"},{"@type":"Organization","@id":"https:\/\/rockland-danse.fr\/#organization","name":"Studio Rockland","url":"https:\/\/rockland-danse.fr\/","logo":{"@type":"ImageObject","inLanguage":"fr-FR","@id":"https:\/\/rockland-danse.fr\/#\/schema\/logo\/image\/","url":"https:\/\/rockland-danse.fr\/wp-content\/uploads\/2023\/08\/Design-sans-titre-5.png","contentUrl":"https:\/\/rockland-danse.fr\/wp-content\/uploads\/2023\/08\/Design-sans-titre-5.png","width":394,"height":263,"caption":"Studio Rockland"},"image":{"@id":"https:\/\/rockland-danse.fr\/#\/schema\/logo\/image\/"},"sameAs":["https:\/\/www.facebook.com\/profile.php?id=61552578840601","https:\/\/www.instagram.com\/rockland.paris\/"]}]}},"_links":{"self":[{"href":"https:\/\/rockland-danse.fr\/index.php\/wp-json\/wp\/v2\/pages\/437","targetHints":{"allow":["GET"]}}],"collection":[{"href":"https:\/\/rockland-danse.fr\/index.php\/wp-json\/wp\/v2\/pages"}],"about":[{"href":"https:\/\/rockland-danse.fr\/index.php\/wp-json\/wp\/v2\/types\/page"}],"author":[{"embeddable":true,"href":"https:\/\/rockland-danse.fr\/index.php\/wp-json\/wp\/v2\/users\/1"}],"replies":[{"embeddable":true,"href":"https:\/\/rockland-danse.fr\/index.php\/wp-json\/wp\/v2\/comments?post=437"}],"version-history":[{"count":33,"href":"https:\/\/rockland-danse.fr\/index.php\/wp-json\/wp\/v2\/pages\/437\/revisions"}],"predecessor-version":[{"id":4260,"href":"https:\/\/rockland-danse.fr\/index.php\/wp-json\/wp\/v2\/pages\/437\/revisions\/4260"}],"wp:attachment":[{"href":"https:\/\/rockland-danse.fr\/index.php\/wp-json\/wp\/v2\/media?parent=437"}],"curies":[{"name":"wp","href":"https:\/\/api.w.org\/{rel}","templated":true}]}}