{"id":2509,"date":"2024-06-23T15:12:02","date_gmt":"2024-06-23T13:12:02","guid":{"rendered":"https:\/\/rockland-danse.fr\/?page_id=2509"},"modified":"2024-06-23T15:12:02","modified_gmt":"2024-06-23T13:12:02","slug":"_flamenco-jose-maya_","status":"publish","type":"page","link":"https:\/\/rockland-danse.fr\/index.php\/_flamenco-jose-maya_\/","title":{"rendered":"_Flamenco Jose Maya_"},"content":{"rendered":"<p>[et_pb_section fb_built=\u00a0\u00bb1&Prime; admin_label=\u00a0\u00bbHeader\u00a0\u00bb _builder_version=\u00a0\u00bb4.16&Prime; background_color=\u00a0\u00bb#f9f6f5&Prime; custom_padding=\u00a0\u00bb||0px||false|false\u00a0\u00bb global_colors_info=\u00a0\u00bb{}\u00a0\u00bb][et_pb_row _builder_version=\u00a0\u00bb4.16&Prime; z_index=\u00a0\u00bb1&Prime; global_colors_info=\u00a0\u00bb{}\u00a0\u00bb][et_pb_column type=\u00a0\u00bb4_4&Prime; _builder_version=\u00a0\u00bb4.16&Prime; custom_padding=\u00a0\u00bb||||false|false\u00a0\u00bb global_colors_info=\u00a0\u00bb{}\u00a0\u00bb][et_pb_text _builder_version=\u00a0\u00bb4.25.2&Prime; text_font_size=\u00a0\u00bb24px\u00a0\u00bb text_line_height=\u00a0\u00bb2em\u00a0\u00bb header_font=\u00a0\u00bbDomine||||||||\u00a0\u00bb header_font_size=\u00a0\u00bb70px\u00a0\u00bb height=\u00a0\u00bbauto\u00a0\u00bb text_font_size_tablet=\u00a0\u00bb18px\u00a0\u00bb text_font_size_phone=\u00a0\u00bb16px\u00a0\u00bb text_font_size_last_edited=\u00a0\u00bbon|phone\u00a0\u00bb header_font_size_tablet=\u00a0\u00bb48px\u00a0\u00bb header_font_size_phone=\u00a0\u00bb38px\u00a0\u00bb header_font_size_last_edited=\u00a0\u00bbon|phone\u00a0\u00bb locked=\u00a0\u00bboff\u00a0\u00bb global_colors_info=\u00a0\u00bb{}\u00a0\u00bb]<\/p>\n<h1>Flamenco &#8211; Jose Maya<\/h1>\n<p>[\/et_pb_text][\/et_pb_column][\/et_pb_row][et_pb_row column_structure=\u00a0\u00bb1_2,1_2&Prime; use_custom_gutter=\u00a0\u00bbon\u00a0\u00bb gutter_width=\u00a0\u00bb1&Prime; _builder_version=\u00a0\u00bb4.25.2&Prime; custom_padding=\u00a0\u00bb||0px||false|false\u00a0\u00bb global_colors_info=\u00a0\u00bb{}\u00a0\u00bb][et_pb_column type=\u00a0\u00bb1_2&Prime; _builder_version=\u00a0\u00bb4.25.2&Prime; custom_padding=\u00a0\u00bb0px||||false|false\u00a0\u00bb custom_padding_tablet=\u00a0\u00bb0px||||false|false\u00a0\u00bb custom_padding_phone=\u00a0\u00bb\u00a0\u00bb custom_padding_last_edited=\u00a0\u00bbon|tablet\u00a0\u00bb global_colors_info=\u00a0\u00bb{}\u00a0\u00bb][et_pb_image src=\u00a0\u00bbhttps:\/\/rockland-danse.fr\/wp-content\/uploads\/2023\/09\/WhatsApp-Image-2023-09-11-at-13.15.18.jpeg\u00a0\u00bb title_text=\u00a0\u00bbJose Maria Serrano\u00a0\u00bb align=\u00a0\u00bbright\u00a0\u00bb align_tablet=\u00a0\u00bbleft\u00a0\u00bb align_phone=\u00a0\u00bb\u00a0\u00bb align_last_edited=\u00a0\u00bbon|tablet\u00a0\u00bb _builder_version=\u00a0\u00bb4.25.2&Prime; hover_enabled=\u00a0\u00bb0&Prime; locked=\u00a0\u00bboff\u00a0\u00bb global_colors_info=\u00a0\u00bb{}\u00a0\u00bb sticky_enabled=\u00a0\u00bb0&Prime;][\/et_pb_image][\/et_pb_column][et_pb_column type=\u00a0\u00bb1_2&Prime; _builder_version=\u00a0\u00bb4.16&Prime; custom_padding=\u00a0\u00bb|||60px|false|false\u00a0\u00bb global_colors_info=\u00a0\u00bb{}\u00a0\u00bb][et_pb_text _builder_version=\u00a0\u00bb4.25.2&Prime; text_line_height=\u00a0\u00bb2.7em\u00a0\u00bb text_orientation=\u00a0\u00bbjustified\u00a0\u00bb height=\u00a0\u00bbauto\u00a0\u00bb custom_margin_tablet=\u00a0\u00bb40px||40px||true|false\u00a0\u00bb custom_margin_phone=\u00a0\u00bb\u00a0\u00bb custom_margin_last_edited=\u00a0\u00bbon|tablet\u00a0\u00bb custom_padding=\u00a0\u00bb||0px||false|\u00a0\u00bb locked=\u00a0\u00bboff\u00a0\u00bb global_colors_info=\u00a0\u00bb{}\u00a0\u00bb]<\/p>\n<p>Jos\u00e9 Maya Serrano est un danseur virtuose du flamenco, il fait parti des plus grands danseurs au niveau international et c\u2019est aussi un grand amoureux de l\u2019art en g\u00e9neral.<\/p>\n<p>Il est n\u00e9 en 1983 \u00e0 Madrid dans une famille gitane d\u2019artistes : peintres, acteurs, \u00e9crivains, parmi ses anc\u00eatres figurent la danseuse historique Fernanda Romero et le chanteur Rafael Romero \u00ab El Gallina \u00bb, et le grand acteur et metteur en sc\u00e8ne de th\u00e9\u00e2tre Pepe Maya et le peintre Antonio Maya.<\/p>\n<p>Il est passionn\u00e9 par la musique, la peinture, la sculpture, la po\u00e9sie, le th\u00e9\u00e2tre et tout ce qui respire l\u2019art. Il commence \u00e0 danser professionnellement \u00e0 l\u2019\u00e2ge de neuf ans, partageant la sc\u00e8ne au th\u00e9\u00e2tre mythique Alb\u00e9niz de Madrid avec Antonio Canales,et Juan Ram\u00edrez.<\/p>\n<p>[\/et_pb_text][\/et_pb_column][\/et_pb_row][\/et_pb_section][et_pb_section fb_built=\u00a0\u00bb1&Prime; admin_label=\u00a0\u00bbAbout\u00a0\u00bb _builder_version=\u00a0\u00bb4.25.2&Prime; background_color=\u00a0\u00bb#f9f6f5&Prime; background_enable_image=\u00a0\u00bboff\u00a0\u00bb background_size=\u00a0\u00bbinitial\u00a0\u00bb background_position=\u00a0\u00bbtop_left\u00a0\u00bb custom_padding=\u00a0\u00bb0px||||false|false\u00a0\u00bb global_colors_info=\u00a0\u00bb{}\u00a0\u00bb][et_pb_row column_structure=\u00a0\u00bb1_2,1_2&Prime; _builder_version=\u00a0\u00bb4.25.2&Prime; _module_preset=\u00a0\u00bbdefault\u00a0\u00bb global_colors_info=\u00a0\u00bb{}\u00a0\u00bb][et_pb_column type=\u00a0\u00bb1_2&Prime; _builder_version=\u00a0\u00bb4.25.2&Prime; _module_preset=\u00a0\u00bbdefault\u00a0\u00bb global_colors_info=\u00a0\u00bb{}\u00a0\u00bb][et_pb_text _builder_version=\u00a0\u00bb4.25.2&Prime; text_line_height=\u00a0\u00bb2.7em\u00a0\u00bb text_orientation=\u00a0\u00bbjustified\u00a0\u00bb height=\u00a0\u00bbauto\u00a0\u00bb custom_margin_tablet=\u00a0\u00bb40px||40px||true|false\u00a0\u00bb custom_margin_phone=\u00a0\u00bb\u00a0\u00bb custom_margin_last_edited=\u00a0\u00bbon|tablet\u00a0\u00bb custom_padding=\u00a0\u00bb||0px||false|\u00a0\u00bb hover_enabled=\u00a0\u00bb0&Prime; locked=\u00a0\u00bboff\u00a0\u00bb global_colors_info=\u00a0\u00bb{}\u00a0\u00bb sticky_enabled=\u00a0\u00bb0&Prime;]<\/p>\n<h2>Venez essayer un cours gratuit<\/h2>\n<p>Jose vous accueille pour un premier cours.<\/p>\n<p>[\/et_pb_text][\/et_pb_column][et_pb_column type=\u00a0\u00bb1_2&Prime; _builder_version=\u00a0\u00bb4.25.2&Prime; _module_preset=\u00a0\u00bbdefault\u00a0\u00bb global_colors_info=\u00a0\u00bb{}\u00a0\u00bb][et_pb_button button_url=\u00a0\u00bbhttps:\/\/rockland-danse.fr\/index.php\/fiche-renseignement\u00a0\u00bb button_text=\u00a0\u00bbDemander un cours d&rsquo;essai gratuit\u00a0\u00bb _builder_version=\u00a0\u00bb4.25.2&Prime; custom_padding=\u00a0\u00bb||||false|false\u00a0\u00bb locked=\u00a0\u00bboff\u00a0\u00bb global_colors_info=\u00a0\u00bb{}\u00a0\u00bb][\/et_pb_button][et_pb_button button_url=\u00a0\u00bbhttps:\/\/rockland-danse.fr\/index.php\/planning-reservations\/\u00a0\u00bb button_text=\u00a0\u00bbConsulter le planning du Studio Rockland\u00a0\u00bb button_alignment=\u00a0\u00bbcenter\u00a0\u00bb _builder_version=\u00a0\u00bb4.25.2&Prime; custom_button=\u00a0\u00bbon\u00a0\u00bb button_text_size=\u00a0\u00bb12px\u00a0\u00bb button_text_color=\u00a0\u00bb#000000&Prime; button_bg_color=\u00a0\u00bbrgba(0,0,0,0)\u00a0\u00bb button_border_width=\u00a0\u00bb2px\u00a0\u00bb button_border_color=\u00a0\u00bb#24394A\u00a0\u00bb button_border_radius=\u00a0\u00bb0px\u00a0\u00bb button_letter_spacing=\u00a0\u00bb4px\u00a0\u00bb button_font=\u00a0\u00bb|700||on|||||\u00a0\u00bb custom_padding=\u00a0\u00bb18px|30px|18px|30px|true|true\u00a0\u00bb locked=\u00a0\u00bboff\u00a0\u00bb global_colors_info=\u00a0\u00bb{}\u00a0\u00bb][\/et_pb_button][\/et_pb_column][\/et_pb_row][et_pb_row _builder_version=\u00a0\u00bb4.25.2&Prime; _module_preset=\u00a0\u00bbdefault\u00a0\u00bb global_colors_info=\u00a0\u00bb{}\u00a0\u00bb][et_pb_column type=\u00a0\u00bb4_4&Prime; _builder_version=\u00a0\u00bb4.25.2&Prime; _module_preset=\u00a0\u00bbdefault\u00a0\u00bb global_colors_info=\u00a0\u00bb{}\u00a0\u00bb][\/et_pb_column][\/et_pb_row][\/et_pb_section][et_pb_section fb_built=\u00a0\u00bb1&Prime; admin_label=\u00a0\u00bbSubscribe\u00a0\u00bb _builder_version=\u00a0\u00bb4.25.2&Prime; background_color=\u00a0\u00bb#f9f6f5&Prime; background_enable_image=\u00a0\u00bboff\u00a0\u00bb background_size=\u00a0\u00bbinitial\u00a0\u00bb custom_padding=\u00a0\u00bb||0px||false|false\u00a0\u00bb locked=\u00a0\u00bboff\u00a0\u00bb global_colors_info=\u00a0\u00bb{}\u00a0\u00bb][\/et_pb_section]<\/p>\n","protected":false},"excerpt":{"rendered":"<p>Emilie et Olivier proposent des cours de Salsa et de Rock Swing au Studio Rocklan<\/p>\n","protected":false},"author":2,"featured_media":0,"parent":0,"menu_order":0,"comment_status":"closed","ping_status":"closed","template":"","meta":{"_et_pb_use_builder":"on","_et_pb_old_content":"","_et_gb_content_width":"","footnotes":""},"class_list":["post-2509","page","type-page","status-publish","hentry"],"yoast_head":"<!-- This site is optimized with the Yoast SEO plugin v27.1.1 - https:\/\/yoast.com\/product\/yoast-seo-wordpress\/ -->\n<title>Cours danse enfant adultes Paris 75018_Flamenco Jose Maya_ - Studio Rockland<\/title>\n<meta name=\"description\" content=\"Studio Rockland propose des cours de Danse classique, Rock Swing, Salsa, Bachata, Street jazz, Pilates, Yoga... enfants adulte \u00e0 Paris 75018\" \/>\n<meta name=\"robots\" content=\"index, follow, max-snippet:-1, max-image-preview:large, max-video-preview:-1\" \/>\n<link rel=\"canonical\" href=\"https:\/\/rockland-danse.fr\/index.php\/_flamenco-jose-maya_\/\" \/>\n<meta property=\"og:locale\" content=\"fr_FR\" \/>\n<meta property=\"og:type\" content=\"article\" \/>\n<meta property=\"og:title\" content=\"Cours danse enfant adultes Paris 75018_Flamenco Jose Maya_ - Studio Rockland\" \/>\n<meta property=\"og:description\" content=\"Studio Rockland propose des cours de Danse classique, Rock Swing, Salsa, Bachata, Street jazz, Pilates, Yoga... enfants adulte \u00e0 Paris 75018\" \/>\n<meta property=\"og:url\" content=\"https:\/\/rockland-danse.fr\/index.php\/_flamenco-jose-maya_\/\" \/>\n<meta property=\"og:site_name\" content=\"Studio Rockland\" \/>\n<meta property=\"article:publisher\" content=\"https:\/\/www.facebook.com\/profile.php?id=61552578840601\" \/>\n<meta property=\"og:image\" content=\"https:\/\/rockland-danse.fr\/wp-content\/uploads\/2023\/11\/Notre-reve-en-progres.jpeg\" \/>\n\t<meta property=\"og:image:width\" content=\"1653\" \/>\n\t<meta property=\"og:image:height\" content=\"891\" \/>\n\t<meta property=\"og:image:type\" content=\"image\/jpeg\" \/>\n<meta name=\"twitter:card\" content=\"summary_large_image\" \/>\n<meta name=\"twitter:label1\" content=\"Dur\u00e9e de lecture estim\u00e9e\" \/>\n\t<meta name=\"twitter:data1\" content=\"1 minute\" \/>\n<script type=\"application\/ld+json\" class=\"yoast-schema-graph\">{\"@context\":\"https:\/\/schema.org\",\"@graph\":[{\"@type\":\"WebPage\",\"@id\":\"https:\/\/rockland-danse.fr\/index.php\/_flamenco-jose-maya_\/\",\"url\":\"https:\/\/rockland-danse.fr\/index.php\/_flamenco-jose-maya_\/\",\"name\":\"Cours danse enfant adultes Paris 75018_Flamenco Jose Maya_ - Studio Rockland\",\"isPartOf\":{\"@id\":\"https:\/\/rockland-danse.fr\/#website\"},\"datePublished\":\"2024-06-23T13:12:02+00:00\",\"description\":\"Studio Rockland propose des cours de Danse classique, Rock Swing, Salsa, Bachata, Street jazz, Pilates, Yoga... enfants adulte \u00e0 Paris 75018\",\"breadcrumb\":{\"@id\":\"https:\/\/rockland-danse.fr\/index.php\/_flamenco-jose-maya_\/#breadcrumb\"},\"inLanguage\":\"fr-FR\",\"potentialAction\":[{\"@type\":\"ReadAction\",\"target\":[\"https:\/\/rockland-danse.fr\/index.php\/_flamenco-jose-maya_\/\"]}]},{\"@type\":\"BreadcrumbList\",\"@id\":\"https:\/\/rockland-danse.fr\/index.php\/_flamenco-jose-maya_\/#breadcrumb\",\"itemListElement\":[{\"@type\":\"ListItem\",\"position\":1,\"name\":\"Accueil\",\"item\":\"https:\/\/rockland-danse.fr\/\"},{\"@type\":\"ListItem\",\"position\":2,\"name\":\"_Flamenco Jose Maya_\"}]},{\"@type\":\"WebSite\",\"@id\":\"https:\/\/rockland-danse.fr\/#website\",\"url\":\"https:\/\/rockland-danse.fr\/\",\"name\":\"rockland-danse.fr\",\"description\":\"Cours de danse pour enfants et adultes \u00e0 Paris 75018\",\"publisher\":{\"@id\":\"https:\/\/rockland-danse.fr\/#organization\"},\"potentialAction\":[{\"@type\":\"SearchAction\",\"target\":{\"@type\":\"EntryPoint\",\"urlTemplate\":\"https:\/\/rockland-danse.fr\/?s={search_term_string}\"},\"query-input\":{\"@type\":\"PropertyValueSpecification\",\"valueRequired\":true,\"valueName\":\"search_term_string\"}}],\"inLanguage\":\"fr-FR\"},{\"@type\":\"Organization\",\"@id\":\"https:\/\/rockland-danse.fr\/#organization\",\"name\":\"Studio Rockland\",\"url\":\"https:\/\/rockland-danse.fr\/\",\"logo\":{\"@type\":\"ImageObject\",\"inLanguage\":\"fr-FR\",\"@id\":\"https:\/\/rockland-danse.fr\/#\/schema\/logo\/image\/\",\"url\":\"https:\/\/rockland-danse.fr\/wp-content\/uploads\/2023\/08\/Design-sans-titre-5.png\",\"contentUrl\":\"https:\/\/rockland-danse.fr\/wp-content\/uploads\/2023\/08\/Design-sans-titre-5.png\",\"width\":394,\"height\":263,\"caption\":\"Studio Rockland\"},\"image\":{\"@id\":\"https:\/\/rockland-danse.fr\/#\/schema\/logo\/image\/\"},\"sameAs\":[\"https:\/\/www.facebook.com\/profile.php?id=61552578840601\",\"https:\/\/www.instagram.com\/rockland.paris\/\"]}]}<\/script>\n<!-- \/ Yoast SEO plugin. -->","yoast_head_json":{"title":"Cours danse enfant adultes Paris 75018_Flamenco Jose Maya_ - Studio Rockland","description":"Studio Rockland propose des cours de Danse classique, Rock Swing, Salsa, Bachata, Street jazz, Pilates, Yoga... enfants adulte \u00e0 Paris 75018","robots":{"index":"index","follow":"follow","max-snippet":"max-snippet:-1","max-image-preview":"max-image-preview:large","max-video-preview":"max-video-preview:-1"},"canonical":"https:\/\/rockland-danse.fr\/index.php\/_flamenco-jose-maya_\/","og_locale":"fr_FR","og_type":"article","og_title":"Cours danse enfant adultes Paris 75018_Flamenco Jose Maya_ - Studio Rockland","og_description":"Studio Rockland propose des cours de Danse classique, Rock Swing, Salsa, Bachata, Street jazz, Pilates, Yoga... enfants adulte \u00e0 Paris 75018","og_url":"https:\/\/rockland-danse.fr\/index.php\/_flamenco-jose-maya_\/","og_site_name":"Studio Rockland","article_publisher":"https:\/\/www.facebook.com\/profile.php?id=61552578840601","og_image":[{"width":1653,"height":891,"url":"https:\/\/rockland-danse.fr\/wp-content\/uploads\/2023\/11\/Notre-reve-en-progres.jpeg","type":"image\/jpeg"}],"twitter_card":"summary_large_image","twitter_misc":{"Dur\u00e9e de lecture estim\u00e9e":"1 minute"},"schema":{"@context":"https:\/\/schema.org","@graph":[{"@type":"WebPage","@id":"https:\/\/rockland-danse.fr\/index.php\/_flamenco-jose-maya_\/","url":"https:\/\/rockland-danse.fr\/index.php\/_flamenco-jose-maya_\/","name":"Cours danse enfant adultes Paris 75018_Flamenco Jose Maya_ - Studio Rockland","isPartOf":{"@id":"https:\/\/rockland-danse.fr\/#website"},"datePublished":"2024-06-23T13:12:02+00:00","description":"Studio Rockland propose des cours de Danse classique, Rock Swing, Salsa, Bachata, Street jazz, Pilates, Yoga... enfants adulte \u00e0 Paris 75018","breadcrumb":{"@id":"https:\/\/rockland-danse.fr\/index.php\/_flamenco-jose-maya_\/#breadcrumb"},"inLanguage":"fr-FR","potentialAction":[{"@type":"ReadAction","target":["https:\/\/rockland-danse.fr\/index.php\/_flamenco-jose-maya_\/"]}]},{"@type":"BreadcrumbList","@id":"https:\/\/rockland-danse.fr\/index.php\/_flamenco-jose-maya_\/#breadcrumb","itemListElement":[{"@type":"ListItem","position":1,"name":"Accueil","item":"https:\/\/rockland-danse.fr\/"},{"@type":"ListItem","position":2,"name":"_Flamenco Jose Maya_"}]},{"@type":"WebSite","@id":"https:\/\/rockland-danse.fr\/#website","url":"https:\/\/rockland-danse.fr\/","name":"rockland-danse.fr","description":"Cours de danse pour enfants et adultes \u00e0 Paris 75018","publisher":{"@id":"https:\/\/rockland-danse.fr\/#organization"},"potentialAction":[{"@type":"SearchAction","target":{"@type":"EntryPoint","urlTemplate":"https:\/\/rockland-danse.fr\/?s={search_term_string}"},"query-input":{"@type":"PropertyValueSpecification","valueRequired":true,"valueName":"search_term_string"}}],"inLanguage":"fr-FR"},{"@type":"Organization","@id":"https:\/\/rockland-danse.fr\/#organization","name":"Studio Rockland","url":"https:\/\/rockland-danse.fr\/","logo":{"@type":"ImageObject","inLanguage":"fr-FR","@id":"https:\/\/rockland-danse.fr\/#\/schema\/logo\/image\/","url":"https:\/\/rockland-danse.fr\/wp-content\/uploads\/2023\/08\/Design-sans-titre-5.png","contentUrl":"https:\/\/rockland-danse.fr\/wp-content\/uploads\/2023\/08\/Design-sans-titre-5.png","width":394,"height":263,"caption":"Studio Rockland"},"image":{"@id":"https:\/\/rockland-danse.fr\/#\/schema\/logo\/image\/"},"sameAs":["https:\/\/www.facebook.com\/profile.php?id=61552578840601","https:\/\/www.instagram.com\/rockland.paris\/"]}]}},"_links":{"self":[{"href":"https:\/\/rockland-danse.fr\/index.php\/wp-json\/wp\/v2\/pages\/2509","targetHints":{"allow":["GET"]}}],"collection":[{"href":"https:\/\/rockland-danse.fr\/index.php\/wp-json\/wp\/v2\/pages"}],"about":[{"href":"https:\/\/rockland-danse.fr\/index.php\/wp-json\/wp\/v2\/types\/page"}],"author":[{"embeddable":true,"href":"https:\/\/rockland-danse.fr\/index.php\/wp-json\/wp\/v2\/users\/2"}],"replies":[{"embeddable":true,"href":"https:\/\/rockland-danse.fr\/index.php\/wp-json\/wp\/v2\/comments?post=2509"}],"version-history":[{"count":0,"href":"https:\/\/rockland-danse.fr\/index.php\/wp-json\/wp\/v2\/pages\/2509\/revisions"}],"wp:attachment":[{"href":"https:\/\/rockland-danse.fr\/index.php\/wp-json\/wp\/v2\/media?parent=2509"}],"curies":[{"name":"wp","href":"https:\/\/api.w.org\/{rel}","templated":true}]}}