{"id":2486,"date":"2024-06-23T14:29:10","date_gmt":"2024-06-23T12:29:10","guid":{"rendered":"https:\/\/rockland-danse.fr\/?page_id=2486"},"modified":"2024-06-23T14:41:19","modified_gmt":"2024-06-23T12:41:19","slug":"_danse-classique-josiane_","status":"publish","type":"page","link":"https:\/\/rockland-danse.fr\/index.php\/_danse-classique-josiane_\/","title":{"rendered":"_Danse Classique Josiane_"},"content":{"rendered":"<p>[et_pb_section fb_built=\u00a0\u00bb1&Prime; admin_label=\u00a0\u00bbHeader\u00a0\u00bb _builder_version=\u00a0\u00bb4.16&Prime; background_color=\u00a0\u00bb#f9f6f5&Prime; custom_padding=\u00a0\u00bb||0px||false|false\u00a0\u00bb global_colors_info=\u00a0\u00bb{}\u00a0\u00bb][et_pb_row _builder_version=\u00a0\u00bb4.16&Prime; z_index=\u00a0\u00bb1&Prime; global_colors_info=\u00a0\u00bb{}\u00a0\u00bb][et_pb_column type=\u00a0\u00bb4_4&Prime; _builder_version=\u00a0\u00bb4.16&Prime; custom_padding=\u00a0\u00bb||||false|false\u00a0\u00bb global_colors_info=\u00a0\u00bb{}\u00a0\u00bb][et_pb_text _builder_version=\u00a0\u00bb4.25.2&Prime; text_font_size=\u00a0\u00bb24px\u00a0\u00bb text_line_height=\u00a0\u00bb2em\u00a0\u00bb header_font=\u00a0\u00bbDomine||||||||\u00a0\u00bb header_font_size=\u00a0\u00bb70px\u00a0\u00bb height=\u00a0\u00bbauto\u00a0\u00bb text_font_size_tablet=\u00a0\u00bb18px\u00a0\u00bb text_font_size_phone=\u00a0\u00bb16px\u00a0\u00bb text_font_size_last_edited=\u00a0\u00bbon|phone\u00a0\u00bb header_font_size_tablet=\u00a0\u00bb48px\u00a0\u00bb header_font_size_phone=\u00a0\u00bb38px\u00a0\u00bb header_font_size_last_edited=\u00a0\u00bbon|phone\u00a0\u00bb locked=\u00a0\u00bboff\u00a0\u00bb global_colors_info=\u00a0\u00bb{}\u00a0\u00bb]<\/p>\n<h1>Danse Classique &#8211; Josiane et sa troupe<\/h1>\n<p>[\/et_pb_text][\/et_pb_column][\/et_pb_row][et_pb_row column_structure=\u00a0\u00bb1_2,1_2&Prime; use_custom_gutter=\u00a0\u00bbon\u00a0\u00bb gutter_width=\u00a0\u00bb1&Prime; _builder_version=\u00a0\u00bb4.25.2&Prime; custom_padding=\u00a0\u00bb||0px||false|false\u00a0\u00bb global_colors_info=\u00a0\u00bb{}\u00a0\u00bb][et_pb_column type=\u00a0\u00bb1_2&Prime; _builder_version=\u00a0\u00bb4.25.2&Prime; custom_padding=\u00a0\u00bb0px||||false|false\u00a0\u00bb custom_padding_tablet=\u00a0\u00bb0px||||false|false\u00a0\u00bb custom_padding_phone=\u00a0\u00bb\u00a0\u00bb custom_padding_last_edited=\u00a0\u00bbon|tablet\u00a0\u00bb global_colors_info=\u00a0\u00bb{}\u00a0\u00bb][et_pb_image src=\u00a0\u00bbhttps:\/\/rockland-danse.fr\/wp-content\/uploads\/2024\/06\/A_-IPHOYO-MG_80912.png\u00a0\u00bb title_text=\u00a0\u00bbA_-IPHOYO-MG_80912&Prime; align=\u00a0\u00bbright\u00a0\u00bb align_tablet=\u00a0\u00bbleft\u00a0\u00bb align_phone=\u00a0\u00bb\u00a0\u00bb align_last_edited=\u00a0\u00bbon|tablet\u00a0\u00bb _builder_version=\u00a0\u00bb4.25.2&Prime; hover_enabled=\u00a0\u00bb0&Prime; locked=\u00a0\u00bboff\u00a0\u00bb global_colors_info=\u00a0\u00bb{}\u00a0\u00bb sticky_enabled=\u00a0\u00bb0&Prime;][\/et_pb_image][\/et_pb_column][et_pb_column type=\u00a0\u00bb1_2&Prime; _builder_version=\u00a0\u00bb4.16&Prime; custom_padding=\u00a0\u00bb|||60px|false|false\u00a0\u00bb global_colors_info=\u00a0\u00bb{}\u00a0\u00bb][et_pb_text _builder_version=\u00a0\u00bb4.25.2&Prime; text_line_height=\u00a0\u00bb2.7em\u00a0\u00bb text_orientation=\u00a0\u00bbjustified\u00a0\u00bb height=\u00a0\u00bbauto\u00a0\u00bb custom_margin_tablet=\u00a0\u00bb40px||40px||true|false\u00a0\u00bb custom_margin_phone=\u00a0\u00bb\u00a0\u00bb custom_margin_last_edited=\u00a0\u00bbon|tablet\u00a0\u00bb custom_padding=\u00a0\u00bb||0px||false|\u00a0\u00bb hover_enabled=\u00a0\u00bb0&Prime; locked=\u00a0\u00bboff\u00a0\u00bb global_colors_info=\u00a0\u00bb{}\u00a0\u00bb sticky_enabled=\u00a0\u00bb0&Prime;]<\/p>\n<p style=\"text-align: justify;\"><b><u>Cours pour Adultes<\/u><\/b> : Danse Classique et Barre au Sol-Assouplissement<o:p><\/o:p><\/p>\n<p style=\"text-align: justify;\">Trois niveaux disponibles : d\u00e9butant, interm\u00e9diaire et avanc\u00e9<o:p><\/o:p><\/p>\n<p style=\"text-align: justify;\">\u00c0 l&rsquo;Acad\u00e9mie du Mieux-\u00catre, la danse est une discipline accessible \u00e0 tous, quel que soit votre \u00e2ge. Nous vous offrons la possibilit\u00e9 de progresser \u00e0 votre rythme, gr\u00e2ce \u00e0 nos trois niveaux de cours.<o:p><\/o:p><\/p>\n<p style=\"text-align: justify;\">La danse classique est un art qui favorise la conscience de soi en combinant travail corporel et expression artistique. Pour nos \u00e9l\u00e8ves adultes, elle repr\u00e9sente \u00e9galement un moyen d&rsquo;am\u00e9liorer la posture et de d\u00e9velopper une plus grande aisance dans l&rsquo;espace, tout en renfor\u00e7ant leur sens du rythme et de la musicalit\u00e9. Notre enseignement met l&rsquo;accent sur l&rsquo;ancrage au sol, l&rsquo;\u00e9l\u00e9vation et la verticalit\u00e9, permettant ainsi aux \u00e9l\u00e8ves de d\u00e9velopper leur tonicit\u00e9 musculaire, leur coordination, leur force et leur \u00e9quilibre. La premi\u00e8re partie du cours comprend des exercices \u00e0 la barre au sol, des \u00e9tirements et des assouplissements pour favoriser la d\u00e9tente corporelle et augmenter l&rsquo;\u00e9nergie globale.<o:p><\/o:p><\/p>\n<p>&nbsp;[\/et_pb_text][\/et_pb_column][\/et_pb_row][\/et_pb_section][et_pb_section fb_built=\u00a0\u00bb1&Prime; admin_label=\u00a0\u00bbAbout\u00a0\u00bb _builder_version=\u00a0\u00bb4.25.2&Prime; background_color=\u00a0\u00bb#f9f6f5&Prime; background_enable_image=\u00a0\u00bboff\u00a0\u00bb background_size=\u00a0\u00bbinitial\u00a0\u00bb background_position=\u00a0\u00bbtop_left\u00a0\u00bb custom_padding=\u00a0\u00bb0px||||false|false\u00a0\u00bb global_colors_info=\u00a0\u00bb{}\u00a0\u00bb][et_pb_row column_structure=\u00a0\u00bb1_2,1_2&Prime; _builder_version=\u00a0\u00bb4.25.2&Prime; _module_preset=\u00a0\u00bbdefault\u00a0\u00bb global_colors_info=\u00a0\u00bb{}\u00a0\u00bb][et_pb_column type=\u00a0\u00bb1_2&Prime; _builder_version=\u00a0\u00bb4.25.2&Prime; _module_preset=\u00a0\u00bbdefault\u00a0\u00bb global_colors_info=\u00a0\u00bb{}\u00a0\u00bb][et_pb_text _builder_version=\u00a0\u00bb4.25.2&Prime; text_line_height=\u00a0\u00bb1em\u00a0\u00bb header_2_font=\u00a0\u00bbDomine||||||||\u00a0\u00bb header_2_font_size=\u00a0\u00bb57px\u00a0\u00bb header_2_line_height=\u00a0\u00bb1.3em\u00a0\u00bb height=\u00a0\u00bbauto\u00a0\u00bb custom_margin=\u00a0\u00bb||||false|false\u00a0\u00bb custom_padding=\u00a0\u00bb||||false|false\u00a0\u00bb hover_enabled=\u00a0\u00bb0&Prime; header_2_font_size_tablet=\u00a0\u00bb45px\u00a0\u00bb header_2_font_size_phone=\u00a0\u00bb35px\u00a0\u00bb header_2_font_size_last_edited=\u00a0\u00bbon|desktop\u00a0\u00bb locked=\u00a0\u00bboff\u00a0\u00bb global_colors_info=\u00a0\u00bb{}\u00a0\u00bb header_2_2_font_size_tablet=\u00a0\u00bb45px\u00a0\u00bb header_3_2_font_size_tablet=\u00a0\u00bb45px\u00a0\u00bb header_4_2_font_size_tablet=\u00a0\u00bb45px\u00a0\u00bb header_5_2_font_size_tablet=\u00a0\u00bb45px\u00a0\u00bb header_6_2_font_size_tablet=\u00a0\u00bb45px\u00a0\u00bb header_2_2_font_size_phone=\u00a0\u00bb35px\u00a0\u00bb header_3_2_font_size_phone=\u00a0\u00bb35px\u00a0\u00bb header_4_2_font_size_phone=\u00a0\u00bb35px\u00a0\u00bb header_5_2_font_size_phone=\u00a0\u00bb35px\u00a0\u00bb header_6_2_font_size_phone=\u00a0\u00bb35px\u00a0\u00bb header_2_2_font_size_last_edited=\u00a0\u00bbon|phone\u00a0\u00bb header_3_2_font_size_last_edited=\u00a0\u00bbon|phone\u00a0\u00bb header_4_2_font_size_last_edited=\u00a0\u00bbon|phone\u00a0\u00bb header_5_2_font_size_last_edited=\u00a0\u00bbon|phone\u00a0\u00bb header_6_2_font_size_last_edited=\u00a0\u00bbon|phone\u00a0\u00bb sticky_enabled=\u00a0\u00bb0&Prime; max_height=\u00a0\u00bbnone\u00a0\u00bb]<\/p>\n<h2>L&rsquo;enseignement et les professeurs<\/h2>\n<h4><span style=\"font-size: small;\">L&rsquo;Acad\u00e9mie du Mieux-\u00catre s&rsquo;appuie sur la c\u00e9l\u00e8bre m\u00e9thode de danse russe, initialement transmise par Madame Marika Besobrasova \u00e0 notre professeur, Josiane Lebert. Cette m\u00e9thode est enseign\u00e9e par notre \u00e9quipe, compos\u00e9e de Fran\u00e7oise Houarner, Ang\u00e9lique Lebert et Diana Uzan, au travers d\u2019une p\u00e9dagogie douce et bienveillante.<\/span><\/h4>\n<h4><span style=\"font-size: small;\">Chaque ann\u00e9e, L\u2019Acad\u00e9mie du Mieux-\u00catre organise des stages, des spectacles et des d\u00e9monstrations de danse classique et n\u00e9o-classique, offrant ainsi \u00e0 nos \u00e9l\u00e8ves la possibilit\u00e9 de danser sur sc\u00e8ne.<\/span><\/h4>\n<h4><span style=\"font-size: small;\">\u00ab Bien comprise et \u00e9tudi\u00e9e dans son syst\u00e8me et dans son esprit, la danse devient un enrichissement de l&rsquo;\u00eatre, une lib\u00e9ration de la personnalit\u00e9. \u00bb \u2013 Odette Joyeux<\/span><\/h4>\n<h4><span style=\"font-size: small;\">Explorez la beaut\u00e9 de la danse, que vous soyez d\u00e9butant ou que vous souhaitiez perfectionner votre technique, dans une atmosph\u00e8re accueillante et conviviale.<\/span><\/h4>\n<h4><span style=\"font-size: small;\">Site web : https:\/\/academie-du-mieux-etre.com\/inscription<\/span><\/h4>\n<h4><span style=\"font-size: small;\">Page Facebook : https:\/\/www.facebook.com\/academie.mieux.etre?locale=fr_FR<\/span><\/h4>\n<h4><span style=\"font-size: small;\">Instagram : https:\/\/www.instagram.com\/academie_du_mieux_etre\/?hl=fr<\/span><\/h4>\n<p>[\/et_pb_text][\/et_pb_column][et_pb_column type=\u00a0\u00bb1_2&Prime; _builder_version=\u00a0\u00bb4.25.2&Prime; _module_preset=\u00a0\u00bbdefault\u00a0\u00bb global_colors_info=\u00a0\u00bb{}\u00a0\u00bb][et_pb_image src=\u00a0\u00bbhttps:\/\/rockland-danse.fr\/wp-content\/uploads\/2024\/06\/4-PHOTO-AHMAD-Barre-.jpg\u00a0\u00bb title_text=\u00a0\u00bb4-PHOTO-AHMAD-Barre-\u00a0\u00bb _builder_version=\u00a0\u00bb4.25.2&Prime; max_height_tablet=\u00a0\u00bb400px\u00a0\u00bb max_height_phone=\u00a0\u00bb\u00a0\u00bb max_height_last_edited=\u00a0\u00bbon|tablet\u00a0\u00bb custom_margin=\u00a0\u00bb||||false|false\u00a0\u00bb custom_margin_tablet=\u00a0\u00bb||||false|false\u00a0\u00bb custom_margin_phone=\u00a0\u00bb\u00a0\u00bb custom_margin_last_edited=\u00a0\u00bbon|phone\u00a0\u00bb hover_enabled=\u00a0\u00bb0&Prime; global_colors_info=\u00a0\u00bb{}\u00a0\u00bb sticky_enabled=\u00a0\u00bb0&Prime;][\/et_pb_image][et_pb_button button_url=\u00a0\u00bbhttps:\/\/rockland-danse.fr\/index.php\/fiche-renseignement\u00a0\u00bb button_text=\u00a0\u00bbDemander un cours d&rsquo;essai gratuit\u00a0\u00bb _builder_version=\u00a0\u00bb4.25.2&Prime; custom_padding=\u00a0\u00bb||||false|false\u00a0\u00bb locked=\u00a0\u00bboff\u00a0\u00bb global_colors_info=\u00a0\u00bb{}\u00a0\u00bb][\/et_pb_button][\/et_pb_column][\/et_pb_row][et_pb_row _builder_version=\u00a0\u00bb4.25.2&Prime; _module_preset=\u00a0\u00bbdefault\u00a0\u00bb global_colors_info=\u00a0\u00bb{}\u00a0\u00bb column_structure=\u00a0\u00bb1_2,1_2&Prime;][et_pb_column type=\u00a0\u00bb1_2&Prime; _builder_version=\u00a0\u00bb4.25.2&Prime; _module_preset=\u00a0\u00bbdefault\u00a0\u00bb global_colors_info=\u00a0\u00bb{}\u00a0\u00bb][et_pb_image src=\u00a0\u00bbhttps:\/\/rockland-danse.fr\/wp-content\/uploads\/2024\/06\/Classique-Adulte-1-1.jpeg\u00a0\u00bb _builder_version=\u00a0\u00bb4.25.2&Prime; _module_preset=\u00a0\u00bbdefault\u00a0\u00bb title_text=\u00a0\u00bbClassique-Adulte-1-1&Prime; hover_enabled=\u00a0\u00bb0&Prime; sticky_enabled=\u00a0\u00bb0&Prime;][\/et_pb_image][et_pb_text _builder_version=\u00a0\u00bb4.25.2&Prime; _module_preset=\u00a0\u00bbdefault\u00a0\u00bb hover_enabled=\u00a0\u00bb0&Prime; sticky_enabled=\u00a0\u00bb0&Prime; height=\u00a0\u00bbauto\u00a0\u00bb]<\/p>\n<h3 class=\"et_pb_module_header\"><span>Classique Adulte au Studio Rockland<\/span><\/h3>\n<div class=\"et_pb_blurb_description\">\n<p>Mardi 19h00 20h30<\/p>\n<p>Mercredi 19h00 20h30<\/p>\n<p>Jeudi 19h00 20h30<\/p>\n<p>Samedi 12h00 13h30<\/p>\n<\/div>\n<p>[\/et_pb_text][\/et_pb_column][et_pb_column type=\u00a0\u00bb1_2&Prime; _builder_version=\u00a0\u00bb4.25.2&Prime; _module_preset=\u00a0\u00bbdefault\u00a0\u00bb global_colors_info=\u00a0\u00bb{}\u00a0\u00bb][et_pb_image src=\u00a0\u00bbhttps:\/\/rockland-danse.fr\/wp-content\/uploads\/2024\/06\/barre-a-terre.jpeg\u00a0\u00bb _builder_version=\u00a0\u00bb4.25.2&Prime; _module_preset=\u00a0\u00bbdefault\u00a0\u00bb title_text=\u00a0\u00bbbarre-a-terre\u00a0\u00bb hover_enabled=\u00a0\u00bb0&Prime; sticky_enabled=\u00a0\u00bb0&Prime;][\/et_pb_image][et_pb_text _builder_version=\u00a0\u00bb4.25.2&Prime; _module_preset=\u00a0\u00bbdefault\u00a0\u00bb hover_enabled=\u00a0\u00bb0&Prime; sticky_enabled=\u00a0\u00bb0&Prime;]<\/p>\n<h3 class=\"et_pb_module_header\"><span>Barre au Sol<\/span><\/h3>\n<p>Samedi 10h00 11h00<\/p>\n<p>[\/et_pb_text][et_pb_button button_url=\u00a0\u00bbhttps:\/\/rockland-danse.fr\/index.php\/planning-reservations\/\u00a0\u00bb button_text=\u00a0\u00bbConsulter le planning du Studio Rockland\u00a0\u00bb button_alignment=\u00a0\u00bbcenter\u00a0\u00bb _builder_version=\u00a0\u00bb4.25.2&Prime; custom_button=\u00a0\u00bbon\u00a0\u00bb button_text_size=\u00a0\u00bb12px\u00a0\u00bb button_text_color=\u00a0\u00bb#000000&Prime; button_bg_color=\u00a0\u00bbrgba(0,0,0,0)\u00a0\u00bb button_border_width=\u00a0\u00bb2px\u00a0\u00bb button_border_color=\u00a0\u00bb#24394A\u00a0\u00bb button_border_radius=\u00a0\u00bb0px\u00a0\u00bb button_letter_spacing=\u00a0\u00bb4px\u00a0\u00bb button_font=\u00a0\u00bb|700||on|||||\u00a0\u00bb custom_padding=\u00a0\u00bb18px|30px|18px|30px|true|true\u00a0\u00bb locked=\u00a0\u00bboff\u00a0\u00bb global_colors_info=\u00a0\u00bb{}\u00a0\u00bb][\/et_pb_button][\/et_pb_column][\/et_pb_row][\/et_pb_section][et_pb_section fb_built=\u00a0\u00bb1&Prime; admin_label=\u00a0\u00bbSubscribe\u00a0\u00bb _builder_version=\u00a0\u00bb4.25.2&Prime; background_color=\u00a0\u00bb#f9f6f5&Prime; background_enable_image=\u00a0\u00bboff\u00a0\u00bb background_size=\u00a0\u00bbinitial\u00a0\u00bb custom_padding=\u00a0\u00bb||0px||false|false\u00a0\u00bb locked=\u00a0\u00bboff\u00a0\u00bb global_colors_info=\u00a0\u00bb{}\u00a0\u00bb][et_pb_row column_structure=\u00a0\u00bb1_2,1_2&Prime; admin_label=\u00a0\u00bbLigne\u00a0\u00bb _builder_version=\u00a0\u00bb4.25.2&Prime; custom_padding=\u00a0\u00bb||0px||false|false\u00a0\u00bb global_colors_info=\u00a0\u00bb{}\u00a0\u00bb][et_pb_column type=\u00a0\u00bb1_2&Prime; _builder_version=\u00a0\u00bb4.25.2&Prime; custom_padding=\u00a0\u00bb0px||||false|false\u00a0\u00bb custom_padding_tablet=\u00a0\u00bb0px||||false|false\u00a0\u00bb custom_padding_phone=\u00a0\u00bb\u00a0\u00bb custom_padding_last_edited=\u00a0\u00bbon|tablet\u00a0\u00bb global_colors_info=\u00a0\u00bb{}\u00a0\u00bb][et_pb_image src=\u00a0\u00bbhttps:\/\/rockland-danse.fr\/wp-content\/uploads\/2024\/06\/Pointes.jpg\u00a0\u00bb title_text=\u00a0\u00bbPointes\u00a0\u00bb _builder_version=\u00a0\u00bb4.25.2&Prime; _module_preset=\u00a0\u00bbdefault\u00a0\u00bb hover_enabled=\u00a0\u00bb0&Prime; global_colors_info=\u00a0\u00bb{}\u00a0\u00bb sticky_enabled=\u00a0\u00bb0&Prime;][\/et_pb_image][\/et_pb_column][et_pb_column type=\u00a0\u00bb1_2&Prime; _builder_version=\u00a0\u00bb4.25.2&Prime; custom_padding=\u00a0\u00bb||||false|false\u00a0\u00bb global_colors_info=\u00a0\u00bb{}\u00a0\u00bb][et_pb_text _builder_version=\u00a0\u00bb4.25.2&Prime; _module_preset=\u00a0\u00bbdefault\u00a0\u00bb global_colors_info=\u00a0\u00bb{}\u00a0\u00bb][\/et_pb_text][et_pb_text _builder_version=\u00a0\u00bb4.25.2&Prime; text_line_height=\u00a0\u00bb2.7em\u00a0\u00bb text_orientation=\u00a0\u00bbjustified\u00a0\u00bb height=\u00a0\u00bbauto\u00a0\u00bb custom_margin_tablet=\u00a0\u00bb40px||40px||true|false\u00a0\u00bb custom_margin_phone=\u00a0\u00bb\u00a0\u00bb custom_margin_last_edited=\u00a0\u00bbon|tablet\u00a0\u00bb custom_padding=\u00a0\u00bb||0px||false|\u00a0\u00bb locked=\u00a0\u00bboff\u00a0\u00bb global_colors_info=\u00a0\u00bb{}\u00a0\u00bb]<\/p>\n<h2>Venez essayer un cours gratuit<\/h2>\n<p>Josiane vous accueille pour un premier cours.<\/p>\n<p>[\/et_pb_text][et_pb_button button_url=\u00a0\u00bbhttps:\/\/rockland-danse.fr\/index.php\/fiche-renseignement\u00a0\u00bb button_text=\u00a0\u00bbDemander un cours gratuit\u00a0\u00bb _builder_version=\u00a0\u00bb4.25.2&Prime; custom_button=\u00a0\u00bbon\u00a0\u00bb button_text_size=\u00a0\u00bb12px\u00a0\u00bb button_text_color=\u00a0\u00bb#ffffff\u00a0\u00bb button_bg_color=\u00a0\u00bb#24394A\u00a0\u00bb button_border_width=\u00a0\u00bb0px\u00a0\u00bb button_border_radius=\u00a0\u00bb0px\u00a0\u00bb button_letter_spacing=\u00a0\u00bb4px\u00a0\u00bb button_font=\u00a0\u00bb|700||on|||||\u00a0\u00bb custom_padding=\u00a0\u00bb18px|30px|18px|30px|true|true\u00a0\u00bb locked=\u00a0\u00bboff\u00a0\u00bb global_colors_info=\u00a0\u00bb{}\u00a0\u00bb][\/et_pb_button][\/et_pb_column][\/et_pb_row][\/et_pb_section]<\/p>\n","protected":false},"excerpt":{"rendered":"<p>Emilie et Olivier proposent des cours de Salsa et de Rock Swing au Studio Rocklan<\/p>\n","protected":false},"author":2,"featured_media":0,"parent":0,"menu_order":0,"comment_status":"closed","ping_status":"closed","template":"","meta":{"_et_pb_use_builder":"on","_et_pb_old_content":"","_et_gb_content_width":"","footnotes":""},"class_list":["post-2486","page","type-page","status-publish","hentry"],"yoast_head":"<!-- This site is optimized with the Yoast SEO plugin v27.1.1 - https:\/\/yoast.com\/product\/yoast-seo-wordpress\/ -->\n<title>Cours danse enfant adultes Paris 75018_Danse Classique Josiane_ - Studio Rockland<\/title>\n<meta name=\"description\" content=\"Studio Rockland propose des cours de Danse classique, Rock Swing, Salsa, Bachata, Street jazz, Pilates, Yoga... enfants adulte \u00e0 Paris 75018\" \/>\n<meta name=\"robots\" content=\"index, follow, max-snippet:-1, max-image-preview:large, max-video-preview:-1\" \/>\n<link rel=\"canonical\" href=\"https:\/\/rockland-danse.fr\/index.php\/_danse-classique-josiane_\/\" \/>\n<meta property=\"og:locale\" content=\"fr_FR\" \/>\n<meta property=\"og:type\" content=\"article\" \/>\n<meta property=\"og:title\" content=\"Cours danse enfant adultes Paris 75018_Danse Classique Josiane_ - Studio Rockland\" \/>\n<meta property=\"og:description\" content=\"Studio Rockland propose des cours de Danse classique, Rock Swing, Salsa, Bachata, Street jazz, Pilates, Yoga... enfants adulte \u00e0 Paris 75018\" \/>\n<meta property=\"og:url\" content=\"https:\/\/rockland-danse.fr\/index.php\/_danse-classique-josiane_\/\" \/>\n<meta property=\"og:site_name\" content=\"Studio Rockland\" \/>\n<meta property=\"article:publisher\" content=\"https:\/\/www.facebook.com\/profile.php?id=61552578840601\" \/>\n<meta property=\"article:modified_time\" content=\"2024-06-23T12:41:19+00:00\" \/>\n<meta property=\"og:image\" content=\"https:\/\/rockland-danse.fr\/wp-content\/uploads\/2023\/11\/Notre-reve-en-progres.jpeg\" \/>\n\t<meta property=\"og:image:width\" content=\"1653\" \/>\n\t<meta property=\"og:image:height\" content=\"891\" \/>\n\t<meta property=\"og:image:type\" content=\"image\/jpeg\" \/>\n<meta name=\"twitter:card\" content=\"summary_large_image\" \/>\n<meta name=\"twitter:label1\" content=\"Dur\u00e9e de lecture estim\u00e9e\" \/>\n\t<meta name=\"twitter:data1\" content=\"1 minute\" \/>\n<script type=\"application\/ld+json\" class=\"yoast-schema-graph\">{\"@context\":\"https:\/\/schema.org\",\"@graph\":[{\"@type\":\"WebPage\",\"@id\":\"https:\/\/rockland-danse.fr\/index.php\/_danse-classique-josiane_\/\",\"url\":\"https:\/\/rockland-danse.fr\/index.php\/_danse-classique-josiane_\/\",\"name\":\"Cours danse enfant adultes Paris 75018_Danse Classique Josiane_ - Studio Rockland\",\"isPartOf\":{\"@id\":\"https:\/\/rockland-danse.fr\/#website\"},\"datePublished\":\"2024-06-23T12:29:10+00:00\",\"dateModified\":\"2024-06-23T12:41:19+00:00\",\"description\":\"Studio Rockland propose des cours de Danse classique, Rock Swing, Salsa, Bachata, Street jazz, Pilates, Yoga... enfants adulte \u00e0 Paris 75018\",\"breadcrumb\":{\"@id\":\"https:\/\/rockland-danse.fr\/index.php\/_danse-classique-josiane_\/#breadcrumb\"},\"inLanguage\":\"fr-FR\",\"potentialAction\":[{\"@type\":\"ReadAction\",\"target\":[\"https:\/\/rockland-danse.fr\/index.php\/_danse-classique-josiane_\/\"]}]},{\"@type\":\"BreadcrumbList\",\"@id\":\"https:\/\/rockland-danse.fr\/index.php\/_danse-classique-josiane_\/#breadcrumb\",\"itemListElement\":[{\"@type\":\"ListItem\",\"position\":1,\"name\":\"Accueil\",\"item\":\"https:\/\/rockland-danse.fr\/\"},{\"@type\":\"ListItem\",\"position\":2,\"name\":\"_Danse Classique Josiane_\"}]},{\"@type\":\"WebSite\",\"@id\":\"https:\/\/rockland-danse.fr\/#website\",\"url\":\"https:\/\/rockland-danse.fr\/\",\"name\":\"rockland-danse.fr\",\"description\":\"Cours de danse pour enfants et adultes \u00e0 Paris 75018\",\"publisher\":{\"@id\":\"https:\/\/rockland-danse.fr\/#organization\"},\"potentialAction\":[{\"@type\":\"SearchAction\",\"target\":{\"@type\":\"EntryPoint\",\"urlTemplate\":\"https:\/\/rockland-danse.fr\/?s={search_term_string}\"},\"query-input\":{\"@type\":\"PropertyValueSpecification\",\"valueRequired\":true,\"valueName\":\"search_term_string\"}}],\"inLanguage\":\"fr-FR\"},{\"@type\":\"Organization\",\"@id\":\"https:\/\/rockland-danse.fr\/#organization\",\"name\":\"Studio Rockland\",\"url\":\"https:\/\/rockland-danse.fr\/\",\"logo\":{\"@type\":\"ImageObject\",\"inLanguage\":\"fr-FR\",\"@id\":\"https:\/\/rockland-danse.fr\/#\/schema\/logo\/image\/\",\"url\":\"https:\/\/rockland-danse.fr\/wp-content\/uploads\/2023\/08\/Design-sans-titre-5.png\",\"contentUrl\":\"https:\/\/rockland-danse.fr\/wp-content\/uploads\/2023\/08\/Design-sans-titre-5.png\",\"width\":394,\"height\":263,\"caption\":\"Studio Rockland\"},\"image\":{\"@id\":\"https:\/\/rockland-danse.fr\/#\/schema\/logo\/image\/\"},\"sameAs\":[\"https:\/\/www.facebook.com\/profile.php?id=61552578840601\",\"https:\/\/www.instagram.com\/rockland.paris\/\"]}]}<\/script>\n<!-- \/ Yoast SEO plugin. -->","yoast_head_json":{"title":"Cours danse enfant adultes Paris 75018_Danse Classique Josiane_ - Studio Rockland","description":"Studio Rockland propose des cours de Danse classique, Rock Swing, Salsa, Bachata, Street jazz, Pilates, Yoga... enfants adulte \u00e0 Paris 75018","robots":{"index":"index","follow":"follow","max-snippet":"max-snippet:-1","max-image-preview":"max-image-preview:large","max-video-preview":"max-video-preview:-1"},"canonical":"https:\/\/rockland-danse.fr\/index.php\/_danse-classique-josiane_\/","og_locale":"fr_FR","og_type":"article","og_title":"Cours danse enfant adultes Paris 75018_Danse Classique Josiane_ - Studio Rockland","og_description":"Studio Rockland propose des cours de Danse classique, Rock Swing, Salsa, Bachata, Street jazz, Pilates, Yoga... enfants adulte \u00e0 Paris 75018","og_url":"https:\/\/rockland-danse.fr\/index.php\/_danse-classique-josiane_\/","og_site_name":"Studio Rockland","article_publisher":"https:\/\/www.facebook.com\/profile.php?id=61552578840601","article_modified_time":"2024-06-23T12:41:19+00:00","og_image":[{"width":1653,"height":891,"url":"https:\/\/rockland-danse.fr\/wp-content\/uploads\/2023\/11\/Notre-reve-en-progres.jpeg","type":"image\/jpeg"}],"twitter_card":"summary_large_image","twitter_misc":{"Dur\u00e9e de lecture estim\u00e9e":"1 minute"},"schema":{"@context":"https:\/\/schema.org","@graph":[{"@type":"WebPage","@id":"https:\/\/rockland-danse.fr\/index.php\/_danse-classique-josiane_\/","url":"https:\/\/rockland-danse.fr\/index.php\/_danse-classique-josiane_\/","name":"Cours danse enfant adultes Paris 75018_Danse Classique Josiane_ - Studio Rockland","isPartOf":{"@id":"https:\/\/rockland-danse.fr\/#website"},"datePublished":"2024-06-23T12:29:10+00:00","dateModified":"2024-06-23T12:41:19+00:00","description":"Studio Rockland propose des cours de Danse classique, Rock Swing, Salsa, Bachata, Street jazz, Pilates, Yoga... enfants adulte \u00e0 Paris 75018","breadcrumb":{"@id":"https:\/\/rockland-danse.fr\/index.php\/_danse-classique-josiane_\/#breadcrumb"},"inLanguage":"fr-FR","potentialAction":[{"@type":"ReadAction","target":["https:\/\/rockland-danse.fr\/index.php\/_danse-classique-josiane_\/"]}]},{"@type":"BreadcrumbList","@id":"https:\/\/rockland-danse.fr\/index.php\/_danse-classique-josiane_\/#breadcrumb","itemListElement":[{"@type":"ListItem","position":1,"name":"Accueil","item":"https:\/\/rockland-danse.fr\/"},{"@type":"ListItem","position":2,"name":"_Danse Classique Josiane_"}]},{"@type":"WebSite","@id":"https:\/\/rockland-danse.fr\/#website","url":"https:\/\/rockland-danse.fr\/","name":"rockland-danse.fr","description":"Cours de danse pour enfants et adultes \u00e0 Paris 75018","publisher":{"@id":"https:\/\/rockland-danse.fr\/#organization"},"potentialAction":[{"@type":"SearchAction","target":{"@type":"EntryPoint","urlTemplate":"https:\/\/rockland-danse.fr\/?s={search_term_string}"},"query-input":{"@type":"PropertyValueSpecification","valueRequired":true,"valueName":"search_term_string"}}],"inLanguage":"fr-FR"},{"@type":"Organization","@id":"https:\/\/rockland-danse.fr\/#organization","name":"Studio Rockland","url":"https:\/\/rockland-danse.fr\/","logo":{"@type":"ImageObject","inLanguage":"fr-FR","@id":"https:\/\/rockland-danse.fr\/#\/schema\/logo\/image\/","url":"https:\/\/rockland-danse.fr\/wp-content\/uploads\/2023\/08\/Design-sans-titre-5.png","contentUrl":"https:\/\/rockland-danse.fr\/wp-content\/uploads\/2023\/08\/Design-sans-titre-5.png","width":394,"height":263,"caption":"Studio Rockland"},"image":{"@id":"https:\/\/rockland-danse.fr\/#\/schema\/logo\/image\/"},"sameAs":["https:\/\/www.facebook.com\/profile.php?id=61552578840601","https:\/\/www.instagram.com\/rockland.paris\/"]}]}},"_links":{"self":[{"href":"https:\/\/rockland-danse.fr\/index.php\/wp-json\/wp\/v2\/pages\/2486","targetHints":{"allow":["GET"]}}],"collection":[{"href":"https:\/\/rockland-danse.fr\/index.php\/wp-json\/wp\/v2\/pages"}],"about":[{"href":"https:\/\/rockland-danse.fr\/index.php\/wp-json\/wp\/v2\/types\/page"}],"author":[{"embeddable":true,"href":"https:\/\/rockland-danse.fr\/index.php\/wp-json\/wp\/v2\/users\/2"}],"replies":[{"embeddable":true,"href":"https:\/\/rockland-danse.fr\/index.php\/wp-json\/wp\/v2\/comments?post=2486"}],"version-history":[{"count":0,"href":"https:\/\/rockland-danse.fr\/index.php\/wp-json\/wp\/v2\/pages\/2486\/revisions"}],"wp:attachment":[{"href":"https:\/\/rockland-danse.fr\/index.php\/wp-json\/wp\/v2\/media?parent=2486"}],"curies":[{"name":"wp","href":"https:\/\/api.w.org\/{rel}","templated":true}]}}