{"id":2411,"date":"2024-06-22T19:28:13","date_gmt":"2024-06-22T17:28:13","guid":{"rendered":"https:\/\/rockland-danse.fr\/?page_id=2411"},"modified":"2025-01-07T21:37:31","modified_gmt":"2025-01-07T20:37:31","slug":"_lindy-lola-et-berenger_","status":"publish","type":"page","link":"https:\/\/rockland-danse.fr\/index.php\/_lindy-lola-et-berenger_\/","title":{"rendered":"_Chlo\u00e9_"},"content":{"rendered":"<p>[et_pb_section fb_built=\u00a0\u00bb1&Prime; admin_label=\u00a0\u00bbHeader\u00a0\u00bb _builder_version=\u00a0\u00bb4.16&Prime; background_color=\u00a0\u00bb#f9f6f5&Prime; custom_padding=\u00a0\u00bb||0px||false|false\u00a0\u00bb global_colors_info=\u00a0\u00bb{}\u00a0\u00bb][et_pb_row _builder_version=\u00a0\u00bb4.16&Prime; z_index=\u00a0\u00bb1&Prime; global_colors_info=\u00a0\u00bb{}\u00a0\u00bb][et_pb_column type=\u00a0\u00bb4_4&Prime; _builder_version=\u00a0\u00bb4.16&Prime; custom_padding=\u00a0\u00bb||||false|false\u00a0\u00bb global_colors_info=\u00a0\u00bb{}\u00a0\u00bb][et_pb_text _builder_version=\u00a0\u00bb4.27.0&Prime; text_font_size=\u00a0\u00bb24px\u00a0\u00bb text_line_height=\u00a0\u00bb2em\u00a0\u00bb header_font=\u00a0\u00bbDomine||||||||\u00a0\u00bb header_font_size=\u00a0\u00bb70px\u00a0\u00bb height=\u00a0\u00bbauto\u00a0\u00bb text_font_size_tablet=\u00a0\u00bb18px\u00a0\u00bb text_font_size_phone=\u00a0\u00bb16px\u00a0\u00bb text_font_size_last_edited=\u00a0\u00bbon|phone\u00a0\u00bb header_font_size_tablet=\u00a0\u00bb48px\u00a0\u00bb header_font_size_phone=\u00a0\u00bb38px\u00a0\u00bb header_font_size_last_edited=\u00a0\u00bbon|phone\u00a0\u00bb locked=\u00a0\u00bboff\u00a0\u00bb global_colors_info=\u00a0\u00bb{}\u00a0\u00bb]<\/p>\n<h1>L&rsquo;excellente barre au sol-Pilates de<\/h1>\n<h1>Chlo\u00e9<\/h1>\n<p>&nbsp;<\/p>\n<p>[\/et_pb_text][\/et_pb_column][\/et_pb_row][\/et_pb_section][et_pb_section fb_built=\u00a0\u00bb1&Prime; admin_label=\u00a0\u00bbAbout\u00a0\u00bb _builder_version=\u00a0\u00bb4.27.0&Prime; background_color=\u00a0\u00bb#f9f6f5&Prime; background_enable_image=\u00a0\u00bboff\u00a0\u00bb background_size=\u00a0\u00bbinitial\u00a0\u00bb background_position=\u00a0\u00bbtop_left\u00a0\u00bb custom_padding=\u00a0\u00bb0px||297px||false|false\u00a0\u00bb hover_enabled=\u00a0\u00bb0&Prime; global_colors_info=\u00a0\u00bb{}\u00a0\u00bb max_height=\u00a0\u00bb888px\u00a0\u00bb sticky_enabled=\u00a0\u00bb0&Prime; custom_margin=\u00a0\u00bb||-998px|||\u00a0\u00bb][et_pb_row column_structure=\u00a0\u00bb1_2,1_2&Prime; use_custom_gutter=\u00a0\u00bbon\u00a0\u00bb gutter_width=\u00a0\u00bb1&Prime; _builder_version=\u00a0\u00bb4.25.2&Prime; custom_padding=\u00a0\u00bb||0px||false|false\u00a0\u00bb global_colors_info=\u00a0\u00bb{}\u00a0\u00bb min_height=\u00a0\u00bb1008px\u00a0\u00bb custom_margin=\u00a0\u00bb|auto|255px|auto||\u00a0\u00bb][et_pb_column type=\u00a0\u00bb1_2&Prime; _builder_version=\u00a0\u00bb4.25.2&Prime; custom_padding=\u00a0\u00bb0px||||false|false\u00a0\u00bb custom_padding_tablet=\u00a0\u00bb0px||||false|false\u00a0\u00bb custom_padding_phone=\u00a0\u00bb\u00a0\u00bb custom_padding_last_edited=\u00a0\u00bbon|tablet\u00a0\u00bb global_colors_info=\u00a0\u00bb{}\u00a0\u00bb][et_pb_image src=\u00a0\u00bbhttps:\/\/rockland-danse.fr\/wp-content\/uploads\/2023\/09\/WhatsApp-Image-2023-09-06-at-10.44.40.jpeg\u00a0\u00bb title_text=\u00a0\u00bbWhatsApp Image 2023-09-06 at 10.44.40&Prime; align=\u00a0\u00bbright\u00a0\u00bb align_tablet=\u00a0\u00bbleft\u00a0\u00bb align_phone=\u00a0\u00bb\u00a0\u00bb align_last_edited=\u00a0\u00bbon|tablet\u00a0\u00bb _builder_version=\u00a0\u00bb4.27.0&Prime; locked=\u00a0\u00bboff\u00a0\u00bb global_colors_info=\u00a0\u00bb{}\u00a0\u00bb][\/et_pb_image][\/et_pb_column][et_pb_column type=\u00a0\u00bb1_2&Prime; _builder_version=\u00a0\u00bb4.16&Prime; custom_padding=\u00a0\u00bb|||60px|false|false\u00a0\u00bb global_colors_info=\u00a0\u00bb{}\u00a0\u00bb][et_pb_text _builder_version=\u00a0\u00bb4.27.0&Prime; text_line_height=\u00a0\u00bb2.7em\u00a0\u00bb text_orientation=\u00a0\u00bbjustified\u00a0\u00bb height=\u00a0\u00bbauto\u00a0\u00bb custom_margin_tablet=\u00a0\u00bb40px||40px||true|false\u00a0\u00bb custom_margin_phone=\u00a0\u00bb\u00a0\u00bb custom_margin_last_edited=\u00a0\u00bbon|phone\u00a0\u00bb custom_padding=\u00a0\u00bb0px||6px||false|false\u00a0\u00bb hover_enabled=\u00a0\u00bb0&Prime; locked=\u00a0\u00bboff\u00a0\u00bb global_colors_info=\u00a0\u00bb{}\u00a0\u00bb sticky_enabled=\u00a0\u00bb0&Prime; module_alignment=\u00a0\u00bbleft\u00a0\u00bb module_alignment_last_edited=\u00a0\u00bbon|phone\u00a0\u00bb max_height=\u00a0\u00bb1000px\u00a0\u00bb module_alignment_tablet=\u00a0\u00bbleft\u00a0\u00bb module_alignment_phone=\u00a0\u00bbleft\u00a0\u00bb]<\/p>\n<p style=\"text-align: left;\">Chlo\u00e9,\u00a0 vient de Montpellier. Elle d\u00e9bute avec la danse acad\u00e9mique d\u00e8s son plus jeune \u00e2ge.<\/p>\n<p style=\"text-align: left;\">Puis se forme au Millenium Dance Center \u00e0 Cagnes-sur-Mer, avec Brigitte Cantrelle, Bruno Caprioli et une multitude d&rsquo;intervenants internationaux. Elle y pr\u00e9pare et obtient son EAT (Examen d\u2019Aptitude Technique) en jazz en 2018.<\/p>\n<p style=\"text-align: left;\">Nouveau tournant en 2020&#8230; direction Paris, pour \u00e9largir encore ses horizons artistiques.<\/p>\n<p style=\"text-align: left;\">Elle y obtient son dipl\u00f4me de professeur de Pilates (CQP ALS AGEE et matwork 1 Pil\u00e2tes) chez Total Freestyle.<\/p>\n<p style=\"text-align: left;\">Int\u00e8gre la c\u00e9l\u00e8bre \u00ab\u00a0Neodance Academy\u00a0\u00bb sous la direction de C\u00e9line et Cain Kitsais.<\/p>\n<p style=\"text-align: left;\">Puis les contrats pleuvent&#8230; Le d\u00e9but d&rsquo;une carri\u00e8re bien remplie qui l&rsquo;entraine de part le monde de voyages, en voyages (Hollande, Italie, Espagne, Maroc, Arabie Saoudite etc.)<\/p>\n<p>[\/et_pb_text][\/et_pb_column][\/et_pb_row][et_pb_row _builder_version=\u00a0\u00bb4.25.2&Prime; _module_preset=\u00a0\u00bbdefault\u00a0\u00bb global_colors_info=\u00a0\u00bb{}\u00a0\u00bb][et_pb_column type=\u00a0\u00bb4_4&Prime; _builder_version=\u00a0\u00bb4.25.2&Prime; _module_preset=\u00a0\u00bbdefault\u00a0\u00bb global_colors_info=\u00a0\u00bb{}\u00a0\u00bb][et_pb_button button_url=\u00a0\u00bbhttps:\/\/rockland-danse.fr\/index.php\/planning-reservations\/\u00a0\u00bb button_text=\u00a0\u00bbConsulter le planning du Studio Rockland\u00a0\u00bb button_alignment=\u00a0\u00bbcenter\u00a0\u00bb _builder_version=\u00a0\u00bb4.25.2&Prime; custom_button=\u00a0\u00bbon\u00a0\u00bb button_text_size=\u00a0\u00bb12px\u00a0\u00bb button_text_color=\u00a0\u00bb#000000&Prime; button_bg_color=\u00a0\u00bbrgba(0,0,0,0)\u00a0\u00bb button_border_width=\u00a0\u00bb2px\u00a0\u00bb button_border_color=\u00a0\u00bb#24394A\u00a0\u00bb button_border_radius=\u00a0\u00bb0px\u00a0\u00bb button_letter_spacing=\u00a0\u00bb4px\u00a0\u00bb button_font=\u00a0\u00bb|700||on|||||\u00a0\u00bb custom_padding=\u00a0\u00bb18px|30px|18px|30px|true|true\u00a0\u00bb locked=\u00a0\u00bboff\u00a0\u00bb global_colors_info=\u00a0\u00bb{}\u00a0\u00bb][\/et_pb_button][\/et_pb_column][\/et_pb_row][\/et_pb_section][et_pb_section fb_built=\u00a0\u00bb1&Prime; admin_label=\u00a0\u00bbSubscribe\u00a0\u00bb _builder_version=\u00a0\u00bb4.25.2&Prime; background_color=\u00a0\u00bb#f9f6f5&Prime; background_enable_image=\u00a0\u00bboff\u00a0\u00bb background_size=\u00a0\u00bbinitial\u00a0\u00bb custom_padding=\u00a0\u00bb||0px||false|false\u00a0\u00bb locked=\u00a0\u00bboff\u00a0\u00bb global_colors_info=\u00a0\u00bb{}\u00a0\u00bb][et_pb_row admin_label=\u00a0\u00bbLigne\u00a0\u00bb _builder_version=\u00a0\u00bb4.27.0&Prime; custom_padding=\u00a0\u00bb||0px||false|false\u00a0\u00bb hover_enabled=\u00a0\u00bb0&Prime; global_colors_info=\u00a0\u00bb{}\u00a0\u00bb sticky_enabled=\u00a0\u00bb0&Prime;][et_pb_column type=\u00a0\u00bb4_4&Prime; _builder_version=\u00a0\u00bb4.25.2&Prime; custom_padding=\u00a0\u00bb0px||||false|false\u00a0\u00bb custom_padding_tablet=\u00a0\u00bb0px||||false|false\u00a0\u00bb custom_padding_phone=\u00a0\u00bb\u00a0\u00bb custom_padding_last_edited=\u00a0\u00bbon|tablet\u00a0\u00bb global_colors_info=\u00a0\u00bb{}\u00a0\u00bb][et_pb_button button_url=\u00a0\u00bbhttps:\/\/rockland-danse.fr\/index.php\/fiche-renseignement\u00a0\u00bb button_text=\u00a0\u00bbDemander un cours gratuit\u00a0\u00bb _builder_version=\u00a0\u00bb4.25.2&Prime; custom_button=\u00a0\u00bbon\u00a0\u00bb button_text_size=\u00a0\u00bb12px\u00a0\u00bb button_text_color=\u00a0\u00bb#ffffff\u00a0\u00bb button_bg_color=\u00a0\u00bb#24394A\u00a0\u00bb button_border_width=\u00a0\u00bb0px\u00a0\u00bb button_border_radius=\u00a0\u00bb0px\u00a0\u00bb button_letter_spacing=\u00a0\u00bb4px\u00a0\u00bb button_font=\u00a0\u00bb|700||on|||||\u00a0\u00bb custom_padding=\u00a0\u00bb18px|30px|18px|30px|true|true\u00a0\u00bb locked=\u00a0\u00bboff\u00a0\u00bb global_colors_info=\u00a0\u00bb{}\u00a0\u00bb][\/et_pb_button][\/et_pb_column][\/et_pb_row][et_pb_row column_structure=\u00a0\u00bb1_2,1_2&Prime; _builder_version=\u00a0\u00bb4.25.2&Prime; _module_preset=\u00a0\u00bbdefault\u00a0\u00bb hover_enabled=\u00a0\u00bb0&Prime; global_colors_info=\u00a0\u00bb{}\u00a0\u00bb sticky_enabled=\u00a0\u00bb0&Prime;][et_pb_column type=\u00a0\u00bb1_2&Prime; _builder_version=\u00a0\u00bb4.25.2&Prime; _module_preset=\u00a0\u00bbdefault\u00a0\u00bb global_colors_info=\u00a0\u00bb{}\u00a0\u00bb][et_pb_text _builder_version=\u00a0\u00bb4.27.0&Prime; text_line_height=\u00a0\u00bb1em\u00a0\u00bb header_2_font=\u00a0\u00bbDomine||||||||\u00a0\u00bb header_2_font_size=\u00a0\u00bb57px\u00a0\u00bb header_2_line_height=\u00a0\u00bb1.3em\u00a0\u00bb height=\u00a0\u00bbauto\u00a0\u00bb custom_margin=\u00a0\u00bb||80px||false|false\u00a0\u00bb custom_padding=\u00a0\u00bb||||false|false\u00a0\u00bb hover_enabled=\u00a0\u00bb0&Prime; header_2_font_size_tablet=\u00a0\u00bb45px\u00a0\u00bb header_2_font_size_phone=\u00a0\u00bb35px\u00a0\u00bb header_2_font_size_last_edited=\u00a0\u00bbon|desktop\u00a0\u00bb locked=\u00a0\u00bboff\u00a0\u00bb global_colors_info=\u00a0\u00bb{}\u00a0\u00bb header_2_2_font_size_tablet=\u00a0\u00bb45px\u00a0\u00bb header_3_2_font_size_tablet=\u00a0\u00bb45px\u00a0\u00bb header_4_2_font_size_tablet=\u00a0\u00bb45px\u00a0\u00bb header_5_2_font_size_tablet=\u00a0\u00bb45px\u00a0\u00bb header_6_2_font_size_tablet=\u00a0\u00bb45px\u00a0\u00bb header_2_2_font_size_phone=\u00a0\u00bb35px\u00a0\u00bb header_3_2_font_size_phone=\u00a0\u00bb35px\u00a0\u00bb header_4_2_font_size_phone=\u00a0\u00bb35px\u00a0\u00bb header_5_2_font_size_phone=\u00a0\u00bb35px\u00a0\u00bb header_6_2_font_size_phone=\u00a0\u00bb35px\u00a0\u00bb header_2_2_font_size_last_edited=\u00a0\u00bbon|phone\u00a0\u00bb header_3_2_font_size_last_edited=\u00a0\u00bbon|phone\u00a0\u00bb header_4_2_font_size_last_edited=\u00a0\u00bbon|phone\u00a0\u00bb header_5_2_font_size_last_edited=\u00a0\u00bbon|phone\u00a0\u00bb header_6_2_font_size_last_edited=\u00a0\u00bbon|phone\u00a0\u00bb sticky_enabled=\u00a0\u00bb0&Prime;]<\/p>\n<p style=\"text-align: left;\">Ces opportunit\u00e9s la nourrissent et enrichissent sa transmition&#8230;<\/p>\n<p style=\"text-align: left;\">Elle Danse, enseigne, enseigne et Danse&#8230; avec le m\u00eame Bonheur.<\/p>\n<p>[\/et_pb_text][et_pb_text _builder_version=\u00a0\u00bb4.27.0&Prime; text_line_height=\u00a0\u00bb1em\u00a0\u00bb header_2_font=\u00a0\u00bbDomine||||||||\u00a0\u00bb header_2_font_size=\u00a0\u00bb57px\u00a0\u00bb header_2_line_height=\u00a0\u00bb1.3em\u00a0\u00bb height=\u00a0\u00bbauto\u00a0\u00bb custom_margin=\u00a0\u00bb69px||69px||true|false\u00a0\u00bb custom_padding=\u00a0\u00bb||||false|false\u00a0\u00bb header_2_font_size_tablet=\u00a0\u00bb45px\u00a0\u00bb header_2_font_size_phone=\u00a0\u00bb35px\u00a0\u00bb header_2_font_size_last_edited=\u00a0\u00bbon|desktop\u00a0\u00bb locked=\u00a0\u00bboff\u00a0\u00bb global_colors_info=\u00a0\u00bb{}\u00a0\u00bb header_2_2_font_size_tablet=\u00a0\u00bb45px\u00a0\u00bb header_3_2_font_size_tablet=\u00a0\u00bb45px\u00a0\u00bb header_4_2_font_size_tablet=\u00a0\u00bb45px\u00a0\u00bb header_5_2_font_size_tablet=\u00a0\u00bb45px\u00a0\u00bb header_6_2_font_size_tablet=\u00a0\u00bb45px\u00a0\u00bb header_2_2_font_size_phone=\u00a0\u00bb35px\u00a0\u00bb header_3_2_font_size_phone=\u00a0\u00bb35px\u00a0\u00bb header_4_2_font_size_phone=\u00a0\u00bb35px\u00a0\u00bb header_5_2_font_size_phone=\u00a0\u00bb35px\u00a0\u00bb header_6_2_font_size_phone=\u00a0\u00bb35px\u00a0\u00bb header_2_2_font_size_last_edited=\u00a0\u00bbon|phone\u00a0\u00bb header_3_2_font_size_last_edited=\u00a0\u00bbon|phone\u00a0\u00bb header_4_2_font_size_last_edited=\u00a0\u00bbon|phone\u00a0\u00bb header_5_2_font_size_last_edited=\u00a0\u00bbon|phone\u00a0\u00bb header_6_2_font_size_last_edited=\u00a0\u00bbon|phone\u00a0\u00bb]<\/p>\n<p>Chlo\u00e9 vous invite \u00e0 d\u00e9couvrir son univers\u2026 Venez essayer son excellente barre au sol-Pilates.<\/p>\n<p>Professeur et Danseuse exp\u00e9riment\u00e9e elle a pour objectif de vous connecter avec votre corps, vous lib\u00e9rer des tensions musculaires tout en travaillant votre souplesse. <\/p>\n<p>A pratiquer sans mod\u00e9ration !!!<\/p>\n<p>[\/et_pb_text][et_pb_button button_url=\u00a0\u00bbhttps:\/\/rockland-danse.fr\/index.php\/fiche-renseignement\u00a0\u00bb button_text=\u00a0\u00bbDemander un cours d&rsquo;essai gratuit\u00a0\u00bb _builder_version=\u00a0\u00bb4.25.2&Prime; custom_padding=\u00a0\u00bb||101px||false|false\u00a0\u00bb locked=\u00a0\u00bboff\u00a0\u00bb global_colors_info=\u00a0\u00bb{}\u00a0\u00bb custom_margin=\u00a0\u00bb||-92px|||\u00a0\u00bb][\/et_pb_button][\/et_pb_column][et_pb_column type=\u00a0\u00bb1_2&Prime; _builder_version=\u00a0\u00bb4.25.2&Prime; _module_preset=\u00a0\u00bbdefault\u00a0\u00bb global_colors_info=\u00a0\u00bb{}\u00a0\u00bb][et_pb_image src=\u00a0\u00bbhttps:\/\/rockland-danse.fr\/wp-content\/uploads\/2025\/01\/flyer-pilates.png\u00a0\u00bb _builder_version=\u00a0\u00bb4.27.0&Prime; _module_preset=\u00a0\u00bbdefault\u00a0\u00bb hover_enabled=\u00a0\u00bb0&Prime; global_colors_info=\u00a0\u00bb{}\u00a0\u00bb title_text=\u00a0\u00bbflyer pilates\u00a0\u00bb sticky_enabled=\u00a0\u00bb0&Prime;][\/et_pb_image][\/et_pb_column][\/et_pb_row][\/et_pb_section]<\/p>\n","protected":false},"excerpt":{"rendered":"<p>Emilie et Olivier proposent des cours de Salsa et de Rock Swing au Studio Rocklan<\/p>\n","protected":false},"author":1,"featured_media":0,"parent":0,"menu_order":0,"comment_status":"closed","ping_status":"closed","template":"","meta":{"_et_pb_use_builder":"on","_et_pb_old_content":"","_et_gb_content_width":"","footnotes":""},"class_list":["post-2411","page","type-page","status-publish","hentry"],"yoast_head":"<!-- This site is optimized with the Yoast SEO plugin v27.1.1 - https:\/\/yoast.com\/product\/yoast-seo-wordpress\/ -->\n<title>Cours danse enfant adultes Paris 75018_Chlo\u00e9_ - Studio Rockland<\/title>\n<meta name=\"description\" content=\"Studio Rockland propose des cours de Danse classique, Rock Swing, Salsa, Bachata, Street jazz, Pilates, Yoga... enfants adulte \u00e0 Paris 75018\" \/>\n<meta name=\"robots\" content=\"index, follow, max-snippet:-1, max-image-preview:large, max-video-preview:-1\" \/>\n<link rel=\"canonical\" href=\"https:\/\/rockland-danse.fr\/index.php\/_lindy-lola-et-berenger_\/\" \/>\n<meta property=\"og:locale\" content=\"fr_FR\" \/>\n<meta property=\"og:type\" content=\"article\" \/>\n<meta property=\"og:title\" content=\"Cours danse enfant adultes Paris 75018_Chlo\u00e9_ - Studio Rockland\" \/>\n<meta property=\"og:description\" content=\"Studio Rockland propose des cours de Danse classique, Rock Swing, Salsa, Bachata, Street jazz, Pilates, Yoga... enfants adulte \u00e0 Paris 75018\" \/>\n<meta property=\"og:url\" content=\"https:\/\/rockland-danse.fr\/index.php\/_lindy-lola-et-berenger_\/\" \/>\n<meta property=\"og:site_name\" content=\"Studio Rockland\" \/>\n<meta property=\"article:publisher\" content=\"https:\/\/www.facebook.com\/profile.php?id=61552578840601\" \/>\n<meta property=\"article:modified_time\" content=\"2025-01-07T20:37:31+00:00\" \/>\n<meta property=\"og:image\" content=\"https:\/\/rockland-danse.fr\/wp-content\/uploads\/2023\/11\/Notre-reve-en-progres.jpeg\" \/>\n\t<meta property=\"og:image:width\" content=\"1653\" \/>\n\t<meta property=\"og:image:height\" content=\"891\" \/>\n\t<meta property=\"og:image:type\" content=\"image\/jpeg\" \/>\n<meta name=\"twitter:card\" content=\"summary_large_image\" \/>\n<meta name=\"twitter:label1\" content=\"Dur\u00e9e de lecture estim\u00e9e\" \/>\n\t<meta name=\"twitter:data1\" content=\"1 minute\" \/>\n<script type=\"application\/ld+json\" class=\"yoast-schema-graph\">{\"@context\":\"https:\/\/schema.org\",\"@graph\":[{\"@type\":\"WebPage\",\"@id\":\"https:\/\/rockland-danse.fr\/index.php\/_lindy-lola-et-berenger_\/\",\"url\":\"https:\/\/rockland-danse.fr\/index.php\/_lindy-lola-et-berenger_\/\",\"name\":\"Cours danse enfant adultes Paris 75018_Chlo\u00e9_ - Studio Rockland\",\"isPartOf\":{\"@id\":\"https:\/\/rockland-danse.fr\/#website\"},\"datePublished\":\"2024-06-22T17:28:13+00:00\",\"dateModified\":\"2025-01-07T20:37:31+00:00\",\"description\":\"Studio Rockland propose des cours de Danse classique, Rock Swing, Salsa, Bachata, Street jazz, Pilates, Yoga... enfants adulte \u00e0 Paris 75018\",\"breadcrumb\":{\"@id\":\"https:\/\/rockland-danse.fr\/index.php\/_lindy-lola-et-berenger_\/#breadcrumb\"},\"inLanguage\":\"fr-FR\",\"potentialAction\":[{\"@type\":\"ReadAction\",\"target\":[\"https:\/\/rockland-danse.fr\/index.php\/_lindy-lola-et-berenger_\/\"]}]},{\"@type\":\"BreadcrumbList\",\"@id\":\"https:\/\/rockland-danse.fr\/index.php\/_lindy-lola-et-berenger_\/#breadcrumb\",\"itemListElement\":[{\"@type\":\"ListItem\",\"position\":1,\"name\":\"Accueil\",\"item\":\"https:\/\/rockland-danse.fr\/\"},{\"@type\":\"ListItem\",\"position\":2,\"name\":\"_Chlo\u00e9_\"}]},{\"@type\":\"WebSite\",\"@id\":\"https:\/\/rockland-danse.fr\/#website\",\"url\":\"https:\/\/rockland-danse.fr\/\",\"name\":\"rockland-danse.fr\",\"description\":\"Cours de danse pour enfants et adultes \u00e0 Paris 75018\",\"publisher\":{\"@id\":\"https:\/\/rockland-danse.fr\/#organization\"},\"potentialAction\":[{\"@type\":\"SearchAction\",\"target\":{\"@type\":\"EntryPoint\",\"urlTemplate\":\"https:\/\/rockland-danse.fr\/?s={search_term_string}\"},\"query-input\":{\"@type\":\"PropertyValueSpecification\",\"valueRequired\":true,\"valueName\":\"search_term_string\"}}],\"inLanguage\":\"fr-FR\"},{\"@type\":\"Organization\",\"@id\":\"https:\/\/rockland-danse.fr\/#organization\",\"name\":\"Studio Rockland\",\"url\":\"https:\/\/rockland-danse.fr\/\",\"logo\":{\"@type\":\"ImageObject\",\"inLanguage\":\"fr-FR\",\"@id\":\"https:\/\/rockland-danse.fr\/#\/schema\/logo\/image\/\",\"url\":\"https:\/\/rockland-danse.fr\/wp-content\/uploads\/2023\/08\/Design-sans-titre-5.png\",\"contentUrl\":\"https:\/\/rockland-danse.fr\/wp-content\/uploads\/2023\/08\/Design-sans-titre-5.png\",\"width\":394,\"height\":263,\"caption\":\"Studio Rockland\"},\"image\":{\"@id\":\"https:\/\/rockland-danse.fr\/#\/schema\/logo\/image\/\"},\"sameAs\":[\"https:\/\/www.facebook.com\/profile.php?id=61552578840601\",\"https:\/\/www.instagram.com\/rockland.paris\/\"]}]}<\/script>\n<!-- \/ Yoast SEO plugin. -->","yoast_head_json":{"title":"Cours danse enfant adultes Paris 75018_Chlo\u00e9_ - Studio Rockland","description":"Studio Rockland propose des cours de Danse classique, Rock Swing, Salsa, Bachata, Street jazz, Pilates, Yoga... enfants adulte \u00e0 Paris 75018","robots":{"index":"index","follow":"follow","max-snippet":"max-snippet:-1","max-image-preview":"max-image-preview:large","max-video-preview":"max-video-preview:-1"},"canonical":"https:\/\/rockland-danse.fr\/index.php\/_lindy-lola-et-berenger_\/","og_locale":"fr_FR","og_type":"article","og_title":"Cours danse enfant adultes Paris 75018_Chlo\u00e9_ - Studio Rockland","og_description":"Studio Rockland propose des cours de Danse classique, Rock Swing, Salsa, Bachata, Street jazz, Pilates, Yoga... enfants adulte \u00e0 Paris 75018","og_url":"https:\/\/rockland-danse.fr\/index.php\/_lindy-lola-et-berenger_\/","og_site_name":"Studio Rockland","article_publisher":"https:\/\/www.facebook.com\/profile.php?id=61552578840601","article_modified_time":"2025-01-07T20:37:31+00:00","og_image":[{"width":1653,"height":891,"url":"https:\/\/rockland-danse.fr\/wp-content\/uploads\/2023\/11\/Notre-reve-en-progres.jpeg","type":"image\/jpeg"}],"twitter_card":"summary_large_image","twitter_misc":{"Dur\u00e9e de lecture estim\u00e9e":"1 minute"},"schema":{"@context":"https:\/\/schema.org","@graph":[{"@type":"WebPage","@id":"https:\/\/rockland-danse.fr\/index.php\/_lindy-lola-et-berenger_\/","url":"https:\/\/rockland-danse.fr\/index.php\/_lindy-lola-et-berenger_\/","name":"Cours danse enfant adultes Paris 75018_Chlo\u00e9_ - Studio Rockland","isPartOf":{"@id":"https:\/\/rockland-danse.fr\/#website"},"datePublished":"2024-06-22T17:28:13+00:00","dateModified":"2025-01-07T20:37:31+00:00","description":"Studio Rockland propose des cours de Danse classique, Rock Swing, Salsa, Bachata, Street jazz, Pilates, Yoga... enfants adulte \u00e0 Paris 75018","breadcrumb":{"@id":"https:\/\/rockland-danse.fr\/index.php\/_lindy-lola-et-berenger_\/#breadcrumb"},"inLanguage":"fr-FR","potentialAction":[{"@type":"ReadAction","target":["https:\/\/rockland-danse.fr\/index.php\/_lindy-lola-et-berenger_\/"]}]},{"@type":"BreadcrumbList","@id":"https:\/\/rockland-danse.fr\/index.php\/_lindy-lola-et-berenger_\/#breadcrumb","itemListElement":[{"@type":"ListItem","position":1,"name":"Accueil","item":"https:\/\/rockland-danse.fr\/"},{"@type":"ListItem","position":2,"name":"_Chlo\u00e9_"}]},{"@type":"WebSite","@id":"https:\/\/rockland-danse.fr\/#website","url":"https:\/\/rockland-danse.fr\/","name":"rockland-danse.fr","description":"Cours de danse pour enfants et adultes \u00e0 Paris 75018","publisher":{"@id":"https:\/\/rockland-danse.fr\/#organization"},"potentialAction":[{"@type":"SearchAction","target":{"@type":"EntryPoint","urlTemplate":"https:\/\/rockland-danse.fr\/?s={search_term_string}"},"query-input":{"@type":"PropertyValueSpecification","valueRequired":true,"valueName":"search_term_string"}}],"inLanguage":"fr-FR"},{"@type":"Organization","@id":"https:\/\/rockland-danse.fr\/#organization","name":"Studio Rockland","url":"https:\/\/rockland-danse.fr\/","logo":{"@type":"ImageObject","inLanguage":"fr-FR","@id":"https:\/\/rockland-danse.fr\/#\/schema\/logo\/image\/","url":"https:\/\/rockland-danse.fr\/wp-content\/uploads\/2023\/08\/Design-sans-titre-5.png","contentUrl":"https:\/\/rockland-danse.fr\/wp-content\/uploads\/2023\/08\/Design-sans-titre-5.png","width":394,"height":263,"caption":"Studio Rockland"},"image":{"@id":"https:\/\/rockland-danse.fr\/#\/schema\/logo\/image\/"},"sameAs":["https:\/\/www.facebook.com\/profile.php?id=61552578840601","https:\/\/www.instagram.com\/rockland.paris\/"]}]}},"_links":{"self":[{"href":"https:\/\/rockland-danse.fr\/index.php\/wp-json\/wp\/v2\/pages\/2411","targetHints":{"allow":["GET"]}}],"collection":[{"href":"https:\/\/rockland-danse.fr\/index.php\/wp-json\/wp\/v2\/pages"}],"about":[{"href":"https:\/\/rockland-danse.fr\/index.php\/wp-json\/wp\/v2\/types\/page"}],"author":[{"embeddable":true,"href":"https:\/\/rockland-danse.fr\/index.php\/wp-json\/wp\/v2\/users\/1"}],"replies":[{"embeddable":true,"href":"https:\/\/rockland-danse.fr\/index.php\/wp-json\/wp\/v2\/comments?post=2411"}],"version-history":[{"count":17,"href":"https:\/\/rockland-danse.fr\/index.php\/wp-json\/wp\/v2\/pages\/2411\/revisions"}],"predecessor-version":[{"id":3377,"href":"https:\/\/rockland-danse.fr\/index.php\/wp-json\/wp\/v2\/pages\/2411\/revisions\/3377"}],"wp:attachment":[{"href":"https:\/\/rockland-danse.fr\/index.php\/wp-json\/wp\/v2\/media?parent=2411"}],"curies":[{"name":"wp","href":"https:\/\/api.w.org\/{rel}","templated":true}]}}