{"id":2364,"date":"2024-06-22T17:51:53","date_gmt":"2024-06-22T15:51:53","guid":{"rendered":"https:\/\/rockland-danse.fr\/?page_id=2364"},"modified":"2026-03-30T13:45:33","modified_gmt":"2026-03-30T11:45:33","slug":"_capoeria-professor-fino_","status":"publish","type":"page","link":"https:\/\/rockland-danse.fr\/index.php\/_capoeria-professor-fino_\/","title":{"rendered":"_Capoeria Professor Fino_"},"content":{"rendered":"<p>[et_pb_section fb_built=\u00a0\u00bb1&Prime; admin_label=\u00a0\u00bbHeader\u00a0\u00bb _builder_version=\u00a0\u00bb4.16&Prime; background_color=\u00a0\u00bb#f9f6f5&Prime; custom_padding=\u00a0\u00bb||0px||false|false\u00a0\u00bb global_colors_info=\u00a0\u00bb{}\u00a0\u00bb][et_pb_row _builder_version=\u00a0\u00bb4.27.4&Prime; z_index=\u00a0\u00bb1&Prime; hover_enabled=\u00a0\u00bb0&Prime; global_colors_info=\u00a0\u00bb{}\u00a0\u00bb custom_padding=\u00a0\u00bb165px|||||\u00a0\u00bb min_height=\u00a0\u00bb99.5px\u00a0\u00bb sticky_enabled=\u00a0\u00bb0&Prime;][et_pb_column type=\u00a0\u00bb4_4&Prime; _builder_version=\u00a0\u00bb4.16&Prime; custom_padding=\u00a0\u00bb||||false|false\u00a0\u00bb global_colors_info=\u00a0\u00bb{}\u00a0\u00bb][et_pb_text _builder_version=\u00a0\u00bb4.27.4&Prime; header_font=\u00a0\u00bbDomine||||||||\u00a0\u00bb header_font_size=\u00a0\u00bb70px\u00a0\u00bb text_orientation=\u00a0\u00bbcenter\u00a0\u00bb height=\u00a0\u00bbauto\u00a0\u00bb hover_enabled=\u00a0\u00bb0&Prime; text_font_size_tablet=\u00a0\u00bb18px\u00a0\u00bb text_font_size_phone=\u00a0\u00bb16px\u00a0\u00bb text_font_size_last_edited=\u00a0\u00bbon|desktop\u00a0\u00bb header_font_size_tablet=\u00a0\u00bb48px\u00a0\u00bb header_font_size_phone=\u00a0\u00bb38px\u00a0\u00bb header_font_size_last_edited=\u00a0\u00bbon|phone\u00a0\u00bb locked=\u00a0\u00bboff\u00a0\u00bb global_colors_info=\u00a0\u00bb{}\u00a0\u00bb inline_fonts=\u00a0\u00bbAboreto,Abhaya Libre\u00a0\u00bb custom_padding=\u00a0\u00bb1px||0px|||\u00a0\u00bb max_height=\u00a0\u00bb763px\u00a0\u00bb text_text_color=\u00a0\u00bb#000000&Prime; sticky_enabled=\u00a0\u00bb0&Prime; text_line_height=\u00a0\u00bb1.5em\u00a0\u00bb]<\/p>\n<div class=\"et_pb_row et_pb_row_0\">\n<div class=\"et_pb_column et_pb_column_4_4 et_pb_column_0  et_pb_css_mix_blend_mode_passthrough et-last-child\">\n<div class=\"et_pb_module et_pb_text et_pb_text_0  et_pb_text_align_left et_pb_bg_layout_light\">\n<div class=\"et_pb_text_inner\">\n<h4 style=\"text-align: center;\"><strong><span style=\"font-size: xx-large;\"><span style=\"font-family: Abhaya Libre;\">Natalie<\/span><span style=\"font-family: Abhaya Libre;\">\u00a0Flynn<\/span><\/span><\/strong><\/h4>\n<h1 style=\"text-align: center;\"><span style=\"font-size: x-large;\"><span style=\"font-family: Abhaya Libre;\">Ballet Class<\/span><\/span><\/h1>\n<h4><strong><span style=\"font-family: Aboreto;\">\u00a0 \u00a0 \u00a0<\/span><\/strong><\/h4>\n<\/div>\n<\/div>\n<\/div>\n<\/div>\n<div class=\"et_pb_row et_pb_row_1 et_pb_gutters1\">\n<div class=\"et_pb_column et_pb_column_1_2 et_pb_column_1  et_pb_css_mix_blend_mode_passthrough\"><\/div>\n<\/div>\n<p>[\/et_pb_text][\/et_pb_column][\/et_pb_row][et_pb_row column_structure=\u00a0\u00bb1_2,1_2&Prime; use_custom_gutter=\u00a0\u00bbon\u00a0\u00bb gutter_width=\u00a0\u00bb1&Prime; _builder_version=\u00a0\u00bb4.25.2&Prime; custom_padding=\u00a0\u00bb||0px||false|false\u00a0\u00bb global_colors_info=\u00a0\u00bb{}\u00a0\u00bb][et_pb_column type=\u00a0\u00bb1_2&Prime; _builder_version=\u00a0\u00bb4.25.2&Prime; custom_padding=\u00a0\u00bb0px||||false|false\u00a0\u00bb custom_padding_tablet=\u00a0\u00bb0px||||false|false\u00a0\u00bb custom_padding_phone=\u00a0\u00bb\u00a0\u00bb custom_padding_last_edited=\u00a0\u00bbon|tablet\u00a0\u00bb global_colors_info=\u00a0\u00bb{}\u00a0\u00bb][et_pb_image src=\u00a0\u00bbhttps:\/\/rockland-danse.fr\/wp-content\/uploads\/2026\/03\/Natalie3-scaled.jpg\u00a0\u00bb title_text=\u00a0\u00bb*Natalie3&Prime; align=\u00a0\u00bbright\u00a0\u00bb align_tablet=\u00a0\u00bbleft\u00a0\u00bb align_phone=\u00a0\u00bb\u00a0\u00bb align_last_edited=\u00a0\u00bbon|tablet\u00a0\u00bb _builder_version=\u00a0\u00bb4.27.4&Prime; hover_enabled=\u00a0\u00bb0&Prime; locked=\u00a0\u00bboff\u00a0\u00bb global_colors_info=\u00a0\u00bb{}\u00a0\u00bb sticky_enabled=\u00a0\u00bb0&Prime;][\/et_pb_image][\/et_pb_column][et_pb_column type=\u00a0\u00bb1_2&Prime; _builder_version=\u00a0\u00bb4.16&Prime; custom_padding=\u00a0\u00bb|||60px|false|false\u00a0\u00bb global_colors_info=\u00a0\u00bb{}\u00a0\u00bb][et_pb_text _builder_version=\u00a0\u00bb4.27.4&Prime; text_line_height=\u00a0\u00bb2.7em\u00a0\u00bb text_orientation=\u00a0\u00bbjustified\u00a0\u00bb height=\u00a0\u00bbauto\u00a0\u00bb custom_margin_tablet=\u00a0\u00bb40px||40px||true|false\u00a0\u00bb custom_margin_phone=\u00a0\u00bb\u00a0\u00bb custom_margin_last_edited=\u00a0\u00bbon|tablet\u00a0\u00bb custom_padding=\u00a0\u00bb||0px||false|\u00a0\u00bb hover_enabled=\u00a0\u00bb0&Prime; locked=\u00a0\u00bboff\u00a0\u00bb global_colors_info=\u00a0\u00bb{}\u00a0\u00bb sticky_enabled=\u00a0\u00bb0&Prime;]<\/p>\n<p>Natalie apprend la Danse \u00e0 la McCarthey School of Dance \u00e0 Burlington (Ontario) au Canada de 2003 \u00e0 2018. Elle pratique le Ballet mais aussi la Danse Contemporaine, le Lyrical, le Jazz, le Moderne, la Com\u00e9die musicale et les acrobaties.\u00a0<\/p>\n<p>Dipl\u00f4m\u00e9e de la Royal Academy of Dance en 2018, elle poursuit la Danse tout en menant des \u00e9tudes classiques (2018-2022). Elle obtient un Bachelor of Arts (Licence) sp\u00e9cialisation en Kin\u00e9siologie.\u00a0<\/p>\n<p>Son m\u00e9moire de fin d&rsquo;\u00e9tudes porte sur l&rsquo;am\u00e9lioration de la sant\u00e9 chez les jeunes danseurs (axe de recherche : pr\u00e9vention des blessures, gestion de la charge de travail, bien \u00eatre du danseur et entrainement r\u00e9\u00e9ducatif).\u00a0<\/p>\n<p>&nbsp;<\/p>\n<h2><\/h2>\n<p>&nbsp;<\/p>\n<p>&nbsp;<\/p>\n<p>&nbsp;<\/p>\n<p>&nbsp;<\/p>\n<p>[\/et_pb_text][\/et_pb_column][\/et_pb_row][\/et_pb_section][et_pb_section fb_built=\u00a0\u00bb1&Prime; admin_label=\u00a0\u00bbAbout\u00a0\u00bb _builder_version=\u00a0\u00bb4.25.2&Prime; background_color=\u00a0\u00bb#f9f6f5&Prime; background_enable_image=\u00a0\u00bboff\u00a0\u00bb background_size=\u00a0\u00bbinitial\u00a0\u00bb background_position=\u00a0\u00bbtop_left\u00a0\u00bb custom_padding=\u00a0\u00bb0px||||false|false\u00a0\u00bb global_colors_info=\u00a0\u00bb{}\u00a0\u00bb][et_pb_row column_structure=\u00a0\u00bb1_2,1_2&Prime; _builder_version=\u00a0\u00bb4.25.2&Prime; _module_preset=\u00a0\u00bbdefault\u00a0\u00bb global_colors_info=\u00a0\u00bb{}\u00a0\u00bb][et_pb_column type=\u00a0\u00bb1_2&Prime; _builder_version=\u00a0\u00bb4.25.2&Prime; _module_preset=\u00a0\u00bbdefault\u00a0\u00bb global_colors_info=\u00a0\u00bb{}\u00a0\u00bb][et_pb_text _builder_version=\u00a0\u00bb4.25.2&Prime; text_line_height=\u00a0\u00bb1em\u00a0\u00bb header_2_font=\u00a0\u00bbDomine||||||||\u00a0\u00bb header_2_font_size=\u00a0\u00bb57px\u00a0\u00bb header_2_line_height=\u00a0\u00bb1.3em\u00a0\u00bb height=\u00a0\u00bbauto\u00a0\u00bb custom_margin=\u00a0\u00bb||||false|false\u00a0\u00bb custom_padding=\u00a0\u00bb||||false|false\u00a0\u00bb hover_enabled=\u00a0\u00bb0&Prime; header_2_font_size_tablet=\u00a0\u00bb45px\u00a0\u00bb header_2_font_size_phone=\u00a0\u00bb35px\u00a0\u00bb header_2_font_size_last_edited=\u00a0\u00bbon|desktop\u00a0\u00bb locked=\u00a0\u00bboff\u00a0\u00bb global_colors_info=\u00a0\u00bb{}\u00a0\u00bb header_2_2_font_size_tablet=\u00a0\u00bb45px\u00a0\u00bb header_3_2_font_size_tablet=\u00a0\u00bb45px\u00a0\u00bb header_4_2_font_size_tablet=\u00a0\u00bb45px\u00a0\u00bb header_5_2_font_size_tablet=\u00a0\u00bb45px\u00a0\u00bb header_6_2_font_size_tablet=\u00a0\u00bb45px\u00a0\u00bb header_2_2_font_size_phone=\u00a0\u00bb35px\u00a0\u00bb header_3_2_font_size_phone=\u00a0\u00bb35px\u00a0\u00bb header_4_2_font_size_phone=\u00a0\u00bb35px\u00a0\u00bb header_5_2_font_size_phone=\u00a0\u00bb35px\u00a0\u00bb header_6_2_font_size_phone=\u00a0\u00bb35px\u00a0\u00bb header_2_2_font_size_last_edited=\u00a0\u00bbon|phone\u00a0\u00bb header_3_2_font_size_last_edited=\u00a0\u00bbon|phone\u00a0\u00bb header_4_2_font_size_last_edited=\u00a0\u00bbon|phone\u00a0\u00bb header_5_2_font_size_last_edited=\u00a0\u00bbon|phone\u00a0\u00bb header_6_2_font_size_last_edited=\u00a0\u00bbon|phone\u00a0\u00bb sticky_enabled=\u00a0\u00bb0&Prime;]<\/p>\n<h2>\u00a0Une Ballerine compl\u00e8te et joyeuse<\/h2>\n<p>Natalie tombe en Amour pour Paris, la belle romantique&#8230; et pour un parisien.<\/p>\n<p>Elle d\u00e9cide alors de s&rsquo;y installer et d&rsquo;y partager sa Passion et sa langue natale avec les petits comme avec les Grands, d\u00e9butants ou confirm\u00e9s, tout en continuant de perfectionner sa Danse au quotidien au sein de notre Studio avec Muriel Duclos et Lola Fournier.<\/p>\n<p>&nbsp;<\/p>\n<p>[\/et_pb_text][et_pb_button button_url=\u00a0\u00bbhttps:\/\/rockland-danse.fr\/index.php\/fiche-renseignement\u00a0\u00bb button_text=\u00a0\u00bbDemander un cours d&rsquo;essai gratuit\u00a0\u00bb _builder_version=\u00a0\u00bb4.25.2&Prime; custom_padding=\u00a0\u00bb||||false|false\u00a0\u00bb locked=\u00a0\u00bboff\u00a0\u00bb global_colors_info=\u00a0\u00bb{}\u00a0\u00bb][\/et_pb_button][\/et_pb_column][et_pb_column type=\u00a0\u00bb1_2&Prime; _builder_version=\u00a0\u00bb4.25.2&Prime; _module_preset=\u00a0\u00bbdefault\u00a0\u00bb global_colors_info=\u00a0\u00bb{}\u00a0\u00bb][et_pb_image src=\u00a0\u00bbhttps:\/\/rockland-danse.fr\/wp-content\/uploads\/2026\/03\/natalie5-scaled.jpg\u00a0\u00bb title_text=\u00a0\u00bb*natalie5&Prime; _builder_version=\u00a0\u00bb4.27.4&Prime; max_height_tablet=\u00a0\u00bb400px\u00a0\u00bb max_height_phone=\u00a0\u00bb\u00a0\u00bb max_height_last_edited=\u00a0\u00bbon|tablet\u00a0\u00bb custom_margin=\u00a0\u00bb||||false|false\u00a0\u00bb custom_margin_tablet=\u00a0\u00bb||||false|false\u00a0\u00bb custom_margin_phone=\u00a0\u00bb\u00a0\u00bb custom_margin_last_edited=\u00a0\u00bbon|phone\u00a0\u00bb hover_enabled=\u00a0\u00bb0&Prime; global_colors_info=\u00a0\u00bb{}\u00a0\u00bb sticky_enabled=\u00a0\u00bb0&Prime;][\/et_pb_image][\/et_pb_column][\/et_pb_row][et_pb_row _builder_version=\u00a0\u00bb4.25.2&Prime; _module_preset=\u00a0\u00bbdefault\u00a0\u00bb global_colors_info=\u00a0\u00bb{}\u00a0\u00bb][et_pb_column type=\u00a0\u00bb4_4&Prime; _builder_version=\u00a0\u00bb4.25.2&Prime; _module_preset=\u00a0\u00bbdefault\u00a0\u00bb global_colors_info=\u00a0\u00bb{}\u00a0\u00bb][et_pb_button button_url=\u00a0\u00bbhttps:\/\/rockland-danse.fr\/index.php\/planning-reservations\/\u00a0\u00bb button_text=\u00a0\u00bbConsulter le planning du Studio Rockland\u00a0\u00bb button_alignment=\u00a0\u00bbcenter\u00a0\u00bb _builder_version=\u00a0\u00bb4.25.2&Prime; custom_button=\u00a0\u00bbon\u00a0\u00bb button_text_size=\u00a0\u00bb12px\u00a0\u00bb button_text_color=\u00a0\u00bb#000000&Prime; button_bg_color=\u00a0\u00bbrgba(0,0,0,0)\u00a0\u00bb button_border_width=\u00a0\u00bb2px\u00a0\u00bb button_border_color=\u00a0\u00bb#24394A\u00a0\u00bb button_border_radius=\u00a0\u00bb0px\u00a0\u00bb button_letter_spacing=\u00a0\u00bb4px\u00a0\u00bb button_font=\u00a0\u00bb|700||on|||||\u00a0\u00bb custom_padding=\u00a0\u00bb18px|30px|18px|30px|true|true\u00a0\u00bb locked=\u00a0\u00bboff\u00a0\u00bb global_colors_info=\u00a0\u00bb{}\u00a0\u00bb][\/et_pb_button][\/et_pb_column][\/et_pb_row][\/et_pb_section][et_pb_section fb_built=\u00a0\u00bb1&Prime; admin_label=\u00a0\u00bbSubscribe\u00a0\u00bb _builder_version=\u00a0\u00bb4.25.2&Prime; background_color=\u00a0\u00bb#f9f6f5&Prime; background_enable_image=\u00a0\u00bboff\u00a0\u00bb background_size=\u00a0\u00bbinitial\u00a0\u00bb custom_padding=\u00a0\u00bb||0px||false|false\u00a0\u00bb locked=\u00a0\u00bboff\u00a0\u00bb global_colors_info=\u00a0\u00bb{}\u00a0\u00bb][et_pb_row column_structure=\u00a0\u00bb1_2,1_2&Prime; admin_label=\u00a0\u00bbLigne\u00a0\u00bb _builder_version=\u00a0\u00bb4.25.2&Prime; custom_padding=\u00a0\u00bb||0px||false|false\u00a0\u00bb global_colors_info=\u00a0\u00bb{}\u00a0\u00bb][et_pb_column type=\u00a0\u00bb1_2&Prime; _builder_version=\u00a0\u00bb4.25.2&Prime; custom_padding=\u00a0\u00bb0px||||false|false\u00a0\u00bb custom_padding_tablet=\u00a0\u00bb0px||||false|false\u00a0\u00bb custom_padding_phone=\u00a0\u00bb\u00a0\u00bb custom_padding_last_edited=\u00a0\u00bbon|tablet\u00a0\u00bb global_colors_info=\u00a0\u00bb{}\u00a0\u00bb][et_pb_image src=\u00a0\u00bbhttps:\/\/rockland-danse.fr\/wp-content\/uploads\/2026\/03\/Natalie-6M0A1301-scaled.jpg\u00a0\u00bb title_text=\u00a0\u00bb* Natalie 6M0A1301&Prime; _builder_version=\u00a0\u00bb4.27.4&Prime; _module_preset=\u00a0\u00bbdefault\u00a0\u00bb hover_enabled=\u00a0\u00bb0&Prime; global_colors_info=\u00a0\u00bb{}\u00a0\u00bb sticky_enabled=\u00a0\u00bb0&Prime;][\/et_pb_image][\/et_pb_column][et_pb_column type=\u00a0\u00bb1_2&Prime; _builder_version=\u00a0\u00bb4.25.2&Prime; custom_padding=\u00a0\u00bb||||false|false\u00a0\u00bb global_colors_info=\u00a0\u00bb{}\u00a0\u00bb][et_pb_text _builder_version=\u00a0\u00bb4.25.2&Prime; _module_preset=\u00a0\u00bbdefault\u00a0\u00bb hover_enabled=\u00a0\u00bb0&Prime; global_colors_info=\u00a0\u00bb{}\u00a0\u00bb sticky_enabled=\u00a0\u00bb0&Prime;][\/et_pb_text][et_pb_text _builder_version=\u00a0\u00bb4.25.2&Prime; text_line_height=\u00a0\u00bb2.7em\u00a0\u00bb text_orientation=\u00a0\u00bbjustified\u00a0\u00bb height=\u00a0\u00bbauto\u00a0\u00bb custom_margin_tablet=\u00a0\u00bb40px||40px||true|false\u00a0\u00bb custom_margin_phone=\u00a0\u00bb\u00a0\u00bb custom_margin_last_edited=\u00a0\u00bbon|tablet\u00a0\u00bb custom_padding=\u00a0\u00bb||0px||false|\u00a0\u00bb locked=\u00a0\u00bboff\u00a0\u00bb global_colors_info=\u00a0\u00bb{}\u00a0\u00bb]<\/p>\n<h2>Venez essayer un cours gratuit<\/h2>\n<p>Natalie vous accueille pour un premier cours.<\/p>\n<p>[\/et_pb_text][et_pb_button button_url=\u00a0\u00bbhttps:\/\/rockland-danse.fr\/index.php\/fiche-renseignement\u00a0\u00bb button_text=\u00a0\u00bbDemander un cours gratuit\u00a0\u00bb _builder_version=\u00a0\u00bb4.25.2&Prime; custom_button=\u00a0\u00bbon\u00a0\u00bb button_text_size=\u00a0\u00bb12px\u00a0\u00bb button_text_color=\u00a0\u00bb#ffffff\u00a0\u00bb button_bg_color=\u00a0\u00bb#24394A\u00a0\u00bb button_border_width=\u00a0\u00bb0px\u00a0\u00bb button_border_radius=\u00a0\u00bb0px\u00a0\u00bb button_letter_spacing=\u00a0\u00bb4px\u00a0\u00bb button_font=\u00a0\u00bb|700||on|||||\u00a0\u00bb custom_padding=\u00a0\u00bb18px|30px|18px|30px|true|true\u00a0\u00bb locked=\u00a0\u00bboff\u00a0\u00bb global_colors_info=\u00a0\u00bb{}\u00a0\u00bb][\/et_pb_button][\/et_pb_column][\/et_pb_row][\/et_pb_section]<\/p>\n","protected":false},"excerpt":{"rendered":"<p>Emilie et Olivier proposent des cours de Salsa et de Rock Swing au Studio Rocklan<\/p>\n","protected":false},"author":1,"featured_media":0,"parent":0,"menu_order":0,"comment_status":"closed","ping_status":"closed","template":"","meta":{"_et_pb_use_builder":"on","_et_pb_old_content":"","_et_gb_content_width":"","footnotes":""},"class_list":["post-2364","page","type-page","status-publish","hentry"],"yoast_head":"<!-- This site is optimized with the Yoast SEO plugin v27.1.1 - https:\/\/yoast.com\/product\/yoast-seo-wordpress\/ -->\n<title>Cours danse enfant adultes Paris 75018_Capoeria Professor Fino_ - Studio Rockland<\/title>\n<meta name=\"description\" content=\"Studio Rockland propose des cours de Danse classique, Rock Swing, Salsa, Bachata, Street jazz, Pilates, Yoga... enfants adulte \u00e0 Paris 75018\" \/>\n<meta name=\"robots\" content=\"index, follow, max-snippet:-1, max-image-preview:large, max-video-preview:-1\" \/>\n<link rel=\"canonical\" href=\"https:\/\/rockland-danse.fr\/index.php\/_capoeria-professor-fino_\/\" \/>\n<meta property=\"og:locale\" content=\"fr_FR\" \/>\n<meta property=\"og:type\" content=\"article\" \/>\n<meta property=\"og:title\" content=\"Cours danse enfant adultes Paris 75018_Capoeria Professor Fino_ - Studio Rockland\" \/>\n<meta property=\"og:description\" content=\"Studio Rockland propose des cours de Danse classique, Rock Swing, Salsa, Bachata, Street jazz, Pilates, Yoga... enfants adulte \u00e0 Paris 75018\" \/>\n<meta property=\"og:url\" content=\"https:\/\/rockland-danse.fr\/index.php\/_capoeria-professor-fino_\/\" \/>\n<meta property=\"og:site_name\" content=\"Studio Rockland\" \/>\n<meta property=\"article:publisher\" content=\"https:\/\/www.facebook.com\/profile.php?id=61552578840601\" \/>\n<meta property=\"article:modified_time\" content=\"2026-03-30T11:45:33+00:00\" \/>\n<meta property=\"og:image\" content=\"https:\/\/rockland-danse.fr\/wp-content\/uploads\/2023\/11\/Notre-reve-en-progres.jpeg\" \/>\n\t<meta property=\"og:image:width\" content=\"1653\" \/>\n\t<meta property=\"og:image:height\" content=\"891\" \/>\n\t<meta property=\"og:image:type\" content=\"image\/jpeg\" \/>\n<meta name=\"twitter:card\" content=\"summary_large_image\" \/>\n<meta name=\"twitter:label1\" content=\"Dur\u00e9e de lecture estim\u00e9e\" \/>\n\t<meta name=\"twitter:data1\" content=\"1 minute\" \/>\n<script type=\"application\/ld+json\" class=\"yoast-schema-graph\">{\"@context\":\"https:\/\/schema.org\",\"@graph\":[{\"@type\":\"WebPage\",\"@id\":\"https:\/\/rockland-danse.fr\/index.php\/_capoeria-professor-fino_\/\",\"url\":\"https:\/\/rockland-danse.fr\/index.php\/_capoeria-professor-fino_\/\",\"name\":\"Cours danse enfant adultes Paris 75018_Capoeria Professor Fino_ - Studio Rockland\",\"isPartOf\":{\"@id\":\"https:\/\/rockland-danse.fr\/#website\"},\"datePublished\":\"2024-06-22T15:51:53+00:00\",\"dateModified\":\"2026-03-30T11:45:33+00:00\",\"description\":\"Studio Rockland propose des cours de Danse classique, Rock Swing, Salsa, Bachata, Street jazz, Pilates, Yoga... enfants adulte \u00e0 Paris 75018\",\"breadcrumb\":{\"@id\":\"https:\/\/rockland-danse.fr\/index.php\/_capoeria-professor-fino_\/#breadcrumb\"},\"inLanguage\":\"fr-FR\",\"potentialAction\":[{\"@type\":\"ReadAction\",\"target\":[\"https:\/\/rockland-danse.fr\/index.php\/_capoeria-professor-fino_\/\"]}]},{\"@type\":\"BreadcrumbList\",\"@id\":\"https:\/\/rockland-danse.fr\/index.php\/_capoeria-professor-fino_\/#breadcrumb\",\"itemListElement\":[{\"@type\":\"ListItem\",\"position\":1,\"name\":\"Accueil\",\"item\":\"https:\/\/rockland-danse.fr\/\"},{\"@type\":\"ListItem\",\"position\":2,\"name\":\"_Capoeria Professor Fino_\"}]},{\"@type\":\"WebSite\",\"@id\":\"https:\/\/rockland-danse.fr\/#website\",\"url\":\"https:\/\/rockland-danse.fr\/\",\"name\":\"rockland-danse.fr\",\"description\":\"Cours de danse pour enfants et adultes \u00e0 Paris 75018\",\"publisher\":{\"@id\":\"https:\/\/rockland-danse.fr\/#organization\"},\"potentialAction\":[{\"@type\":\"SearchAction\",\"target\":{\"@type\":\"EntryPoint\",\"urlTemplate\":\"https:\/\/rockland-danse.fr\/?s={search_term_string}\"},\"query-input\":{\"@type\":\"PropertyValueSpecification\",\"valueRequired\":true,\"valueName\":\"search_term_string\"}}],\"inLanguage\":\"fr-FR\"},{\"@type\":\"Organization\",\"@id\":\"https:\/\/rockland-danse.fr\/#organization\",\"name\":\"Studio Rockland\",\"url\":\"https:\/\/rockland-danse.fr\/\",\"logo\":{\"@type\":\"ImageObject\",\"inLanguage\":\"fr-FR\",\"@id\":\"https:\/\/rockland-danse.fr\/#\/schema\/logo\/image\/\",\"url\":\"https:\/\/rockland-danse.fr\/wp-content\/uploads\/2023\/08\/Design-sans-titre-5.png\",\"contentUrl\":\"https:\/\/rockland-danse.fr\/wp-content\/uploads\/2023\/08\/Design-sans-titre-5.png\",\"width\":394,\"height\":263,\"caption\":\"Studio Rockland\"},\"image\":{\"@id\":\"https:\/\/rockland-danse.fr\/#\/schema\/logo\/image\/\"},\"sameAs\":[\"https:\/\/www.facebook.com\/profile.php?id=61552578840601\",\"https:\/\/www.instagram.com\/rockland.paris\/\"]}]}<\/script>\n<!-- \/ Yoast SEO plugin. -->","yoast_head_json":{"title":"Cours danse enfant adultes Paris 75018_Capoeria Professor Fino_ - Studio Rockland","description":"Studio Rockland propose des cours de Danse classique, Rock Swing, Salsa, Bachata, Street jazz, Pilates, Yoga... enfants adulte \u00e0 Paris 75018","robots":{"index":"index","follow":"follow","max-snippet":"max-snippet:-1","max-image-preview":"max-image-preview:large","max-video-preview":"max-video-preview:-1"},"canonical":"https:\/\/rockland-danse.fr\/index.php\/_capoeria-professor-fino_\/","og_locale":"fr_FR","og_type":"article","og_title":"Cours danse enfant adultes Paris 75018_Capoeria Professor Fino_ - Studio Rockland","og_description":"Studio Rockland propose des cours de Danse classique, Rock Swing, Salsa, Bachata, Street jazz, Pilates, Yoga... enfants adulte \u00e0 Paris 75018","og_url":"https:\/\/rockland-danse.fr\/index.php\/_capoeria-professor-fino_\/","og_site_name":"Studio Rockland","article_publisher":"https:\/\/www.facebook.com\/profile.php?id=61552578840601","article_modified_time":"2026-03-30T11:45:33+00:00","og_image":[{"width":1653,"height":891,"url":"https:\/\/rockland-danse.fr\/wp-content\/uploads\/2023\/11\/Notre-reve-en-progres.jpeg","type":"image\/jpeg"}],"twitter_card":"summary_large_image","twitter_misc":{"Dur\u00e9e de lecture estim\u00e9e":"1 minute"},"schema":{"@context":"https:\/\/schema.org","@graph":[{"@type":"WebPage","@id":"https:\/\/rockland-danse.fr\/index.php\/_capoeria-professor-fino_\/","url":"https:\/\/rockland-danse.fr\/index.php\/_capoeria-professor-fino_\/","name":"Cours danse enfant adultes Paris 75018_Capoeria Professor Fino_ - Studio Rockland","isPartOf":{"@id":"https:\/\/rockland-danse.fr\/#website"},"datePublished":"2024-06-22T15:51:53+00:00","dateModified":"2026-03-30T11:45:33+00:00","description":"Studio Rockland propose des cours de Danse classique, Rock Swing, Salsa, Bachata, Street jazz, Pilates, Yoga... enfants adulte \u00e0 Paris 75018","breadcrumb":{"@id":"https:\/\/rockland-danse.fr\/index.php\/_capoeria-professor-fino_\/#breadcrumb"},"inLanguage":"fr-FR","potentialAction":[{"@type":"ReadAction","target":["https:\/\/rockland-danse.fr\/index.php\/_capoeria-professor-fino_\/"]}]},{"@type":"BreadcrumbList","@id":"https:\/\/rockland-danse.fr\/index.php\/_capoeria-professor-fino_\/#breadcrumb","itemListElement":[{"@type":"ListItem","position":1,"name":"Accueil","item":"https:\/\/rockland-danse.fr\/"},{"@type":"ListItem","position":2,"name":"_Capoeria Professor Fino_"}]},{"@type":"WebSite","@id":"https:\/\/rockland-danse.fr\/#website","url":"https:\/\/rockland-danse.fr\/","name":"rockland-danse.fr","description":"Cours de danse pour enfants et adultes \u00e0 Paris 75018","publisher":{"@id":"https:\/\/rockland-danse.fr\/#organization"},"potentialAction":[{"@type":"SearchAction","target":{"@type":"EntryPoint","urlTemplate":"https:\/\/rockland-danse.fr\/?s={search_term_string}"},"query-input":{"@type":"PropertyValueSpecification","valueRequired":true,"valueName":"search_term_string"}}],"inLanguage":"fr-FR"},{"@type":"Organization","@id":"https:\/\/rockland-danse.fr\/#organization","name":"Studio Rockland","url":"https:\/\/rockland-danse.fr\/","logo":{"@type":"ImageObject","inLanguage":"fr-FR","@id":"https:\/\/rockland-danse.fr\/#\/schema\/logo\/image\/","url":"https:\/\/rockland-danse.fr\/wp-content\/uploads\/2023\/08\/Design-sans-titre-5.png","contentUrl":"https:\/\/rockland-danse.fr\/wp-content\/uploads\/2023\/08\/Design-sans-titre-5.png","width":394,"height":263,"caption":"Studio Rockland"},"image":{"@id":"https:\/\/rockland-danse.fr\/#\/schema\/logo\/image\/"},"sameAs":["https:\/\/www.facebook.com\/profile.php?id=61552578840601","https:\/\/www.instagram.com\/rockland.paris\/"]}]}},"_links":{"self":[{"href":"https:\/\/rockland-danse.fr\/index.php\/wp-json\/wp\/v2\/pages\/2364","targetHints":{"allow":["GET"]}}],"collection":[{"href":"https:\/\/rockland-danse.fr\/index.php\/wp-json\/wp\/v2\/pages"}],"about":[{"href":"https:\/\/rockland-danse.fr\/index.php\/wp-json\/wp\/v2\/types\/page"}],"author":[{"embeddable":true,"href":"https:\/\/rockland-danse.fr\/index.php\/wp-json\/wp\/v2\/users\/1"}],"replies":[{"embeddable":true,"href":"https:\/\/rockland-danse.fr\/index.php\/wp-json\/wp\/v2\/comments?post=2364"}],"version-history":[{"count":23,"href":"https:\/\/rockland-danse.fr\/index.php\/wp-json\/wp\/v2\/pages\/2364\/revisions"}],"predecessor-version":[{"id":4500,"href":"https:\/\/rockland-danse.fr\/index.php\/wp-json\/wp\/v2\/pages\/2364\/revisions\/4500"}],"wp:attachment":[{"href":"https:\/\/rockland-danse.fr\/index.php\/wp-json\/wp\/v2\/media?parent=2364"}],"curies":[{"name":"wp","href":"https:\/\/api.w.org\/{rel}","templated":true}]}}